{"id":212,"date":"2021-08-13T19:33:52","date_gmt":"2021-08-13T19:33:52","guid":{"rendered":"https:\/\/traduccionestemporal.s-bermudez.com\/?page_id=212"},"modified":"2026-04-30T01:14:07","modified_gmt":"2026-04-30T01:14:07","slug":"contacto","status":"publish","type":"page","link":"https:\/\/traduccionesyes.com\/en_us\/contacto\/","title":{"rendered":"Contact"},"content":{"rendered":"\t\t<div data-elementor-type=\"wp-page\" data-elementor-id=\"212\" class=\"elementor elementor-212\">\n\t\t\t\t\t\t<section data-particle_enable=\"false\" data-particle-mobile-disabled=\"false\" class=\"elementor-section elementor-top-section elementor-element elementor-element-290fcbc elementor-section-full_width elementor-section-height-default elementor-section-height-default\" data-id=\"290fcbc\" data-element_type=\"section\" data-e-type=\"section\" data-settings=\"{&quot;background_background&quot;:&quot;slideshow&quot;,&quot;background_slideshow_gallery&quot;:[{&quot;id&quot;:344,&quot;url&quot;:&quot;https:\\\/\\\/traduccionesyes.com\\\/wp-content\\\/uploads\\\/2021\\\/09\\\/Hero1_opt.jpg&quot;},{&quot;id&quot;:345,&quot;url&quot;:&quot;https:\\\/\\\/traduccionesyes.com\\\/wp-content\\\/uploads\\\/2021\\\/09\\\/Hero2_opt.jpg&quot;},{&quot;id&quot;:346,&quot;url&quot;:&quot;https:\\\/\\\/traduccionesyes.com\\\/wp-content\\\/uploads\\\/2021\\\/09\\\/Hero3_opt.jpg&quot;}],&quot;background_slideshow_ken_burns&quot;:&quot;yes&quot;,&quot;background_slideshow_loop&quot;:&quot;yes&quot;,&quot;background_slideshow_slide_duration&quot;:5000,&quot;background_slideshow_slide_transition&quot;:&quot;fade&quot;,&quot;background_slideshow_transition_duration&quot;:500,&quot;background_slideshow_ken_burns_zoom_direction&quot;:&quot;in&quot;}\">\n\t\t\t\t\t\t\t<div class=\"elementor-background-overlay\"><\/div>\n\t\t\t\t\t\t\t<div class=\"elementor-container elementor-column-gap-default\">\n\t\t\t\t\t<div class=\"elementor-column elementor-col-100 elementor-top-column elementor-element elementor-element-a2ace68\" data-id=\"a2ace68\" data-element_type=\"column\" data-e-type=\"column\">\n\t\t\t<div class=\"elementor-widget-wrap elementor-element-populated\">\n\t\t\t\t\t\t<div class=\"elementor-element elementor-element-a2e40d7 elementor-hidden-desktop elementor-hidden-tablet elementor-widget elementor-widget-heading\" data-id=\"a2e40d7\" data-element_type=\"widget\" data-e-type=\"widget\" data-widget_type=\"heading.default\">\n\t\t\t\t<div class=\"elementor-widget-container\">\n\t\t\t\t\t<h2 class=\"elementor-heading-title elementor-size-default\">\u00a1Cont\u00e1ctanos!<\/h2>\t\t\t\t<\/div>\n\t\t\t\t<\/div>\n\t\t\t\t<div class=\"elementor-element elementor-element-53d1d04 elementor-hidden-mobile elementor-widget elementor-widget-elementskit-heading\" data-id=\"53d1d04\" data-element_type=\"widget\" data-e-type=\"widget\" data-widget_type=\"elementskit-heading.default\">\n\t\t\t\t<div class=\"elementor-widget-container\">\n\t\t\t\t\t<div class=\"ekit-wid-con\" ><div class=\"ekit-heading elementskit-section-title-wraper text_center   ekit_heading_tablet-   ekit_heading_mobile-\"><h2 class=\"ekit-heading--title elementskit-section-title \">\u00a1Cont\u00e1ctanos!<\/h2><div class=\"ekit_heading_separetor_wraper ekit_heading_elementskit-border-divider ekit-dotted\"><div class=\"elementskit-border-divider ekit-dotted\"><\/div><\/div>\t\t\t\t<div class='ekit-heading__description'>\n\t\t\t\t\t<p><span style=\"font-weight: 400\">\u00a1Nuestro placer es servirte! No importa lo que sea, escr\u00edbenos y con gusto te atenderemos.<\/span><\/p>\n\t\t\t\t<\/div>\n\t\t\t<\/div><\/div>\t\t\t\t<\/div>\n\t\t\t\t<\/div>\n\t\t\t\t\t<\/div>\n\t\t<\/div>\n\t\t\t\t\t<\/div>\n\t\t<\/section>\n\t\t\t\t<section data-particle_enable=\"false\" data-particle-mobile-disabled=\"false\" class=\"elementor-section elementor-top-section elementor-element elementor-element-f34055d elementor-section-boxed elementor-section-height-default elementor-section-height-default\" data-id=\"f34055d\" data-element_type=\"section\" data-e-type=\"section\">\n\t\t\t\t\t\t<div class=\"elementor-container elementor-column-gap-wide\">\n\t\t\t\t\t<div class=\"elementor-column elementor-col-25 elementor-top-column elementor-element elementor-element-639615c\" data-id=\"639615c\" data-element_type=\"column\" data-e-type=\"column\">\n\t\t\t<div class=\"elementor-widget-wrap elementor-element-populated\">\n\t\t\t\t\t\t<div class=\"elementor-element elementor-element-73be5ea elementor-button-success elementor-align-center elementor-widget-tablet__width-initial elementor-widget elementor-widget-copy-button\" data-id=\"73be5ea\" data-element_type=\"widget\" data-e-type=\"widget\" data-widget_type=\"copy-button.default\">\n\t\t\t\t<div class=\"elementor-widget-container\">\n\t\t\t\t\t        <div >\n                    <div >       \n            <button class=\"elementor-button elementor-animation-pulse elementor-size-xl\" data-clipboard-target=\"#e-clipboard-value-73be5ea-212\" type=\"button\" id=\"e-clipboard-btn-73be5ea-212\" data-animation=\"jello\">\n                <span class=\"elementor-button-content-wrapper e-flexbox\">\n                                                <span class=\"elementor-button-icon elementor-align-icon-left\">\n                        <i aria-hidden=\"true\" class=\"icon icon-envelope2\"><\/i>                        <\/span>\n                            <span class=\"elementor-button-text\">Copy<\/span>\n                <\/span>\n            <\/button>\n        <\/div>\n                        <input class=\"elementor-size-xl elementor-field-textual e-form-control\" id=\"e-clipboard-value-73be5ea-212\" type=\"text\" value=\"americ@yes-oui-si.com\">            \n                        <\/div>\n        \t\t\t\t<\/div>\n\t\t\t\t<\/div>\n\t\t\t\t\t<\/div>\n\t\t<\/div>\n\t\t\t\t<div class=\"elementor-column elementor-col-25 elementor-top-column elementor-element elementor-element-1464850\" data-id=\"1464850\" data-element_type=\"column\" data-e-type=\"column\">\n\t\t\t<div class=\"elementor-widget-wrap elementor-element-populated\">\n\t\t\t\t\t\t<div class=\"elementor-element elementor-element-5c4aa97 elementor-button-success elementor-align-center elementor-widget-tablet__width-initial elementor-widget elementor-widget-copy-button\" data-id=\"5c4aa97\" data-element_type=\"widget\" data-e-type=\"widget\" data-widget_type=\"copy-button.default\">\n\t\t\t\t<div class=\"elementor-widget-container\">\n\t\t\t\t\t        <div >\n                    <div >       \n            <button class=\"elementor-button elementor-animation-pulse elementor-size-xl\" data-clipboard-target=\"#e-clipboard-value-5c4aa97-212\" type=\"button\" id=\"e-clipboard-btn-5c4aa97-212\" data-animation=\"jello\">\n                <span class=\"elementor-button-content-wrapper e-flexbox\">\n                                                <span class=\"elementor-button-icon elementor-align-icon-left\">\n                        <i aria-hidden=\"true\" class=\"icon icon-email1\"><\/i>                        <\/span>\n                            <span class=\"elementor-button-text\">Copy<\/span>\n                <\/span>\n            <\/button>\n        <\/div>\n                        <input class=\"elementor-size-xl elementor-field-textual e-form-control\" id=\"e-clipboard-value-5c4aa97-212\" type=\"text\" value=\"info@yes-oui-si.com\">            \n                        <\/div>\n        \t\t\t\t<\/div>\n\t\t\t\t<\/div>\n\t\t\t\t\t<\/div>\n\t\t<\/div>\n\t\t\t\t<div class=\"elementor-column elementor-col-25 elementor-top-column elementor-element elementor-element-7d57641\" data-id=\"7d57641\" data-element_type=\"column\" data-e-type=\"column\">\n\t\t\t<div class=\"elementor-widget-wrap elementor-element-populated\">\n\t\t\t\t\t\t<div class=\"elementor-element elementor-element-4b5b82f elementor-button-success elementor-align-center elementor-widget-tablet__width-initial elementor-widget elementor-widget-copy-button\" data-id=\"4b5b82f\" data-element_type=\"widget\" data-e-type=\"widget\" data-widget_type=\"copy-button.default\">\n\t\t\t\t<div class=\"elementor-widget-container\">\n\t\t\t\t\t        <div >\n                    <div >       \n            <button class=\"elementor-button elementor-animation-pulse elementor-size-xl\" data-clipboard-target=\"#e-clipboard-value-4b5b82f-212\" type=\"button\" id=\"e-clipboard-btn-4b5b82f-212\" data-animation=\"jello\">\n                <span class=\"elementor-button-content-wrapper e-flexbox\">\n                                                <span class=\"elementor-button-icon elementor-align-icon-left\">\n                        <i aria-hidden=\"true\" class=\"icon icon-smartphone1\"><\/i>                        <\/span>\n                            <span class=\"elementor-button-text\">Copy<\/span>\n                <\/span>\n            <\/button>\n        <\/div>\n                        <input class=\"elementor-size-xl elementor-field-textual e-form-control\" id=\"e-clipboard-value-4b5b82f-212\" type=\"text\" value=\"(473) 103 0839\">            \n                        <\/div>\n        \t\t\t\t<\/div>\n\t\t\t\t<\/div>\n\t\t\t\t\t<\/div>\n\t\t<\/div>\n\t\t\t\t<div class=\"elementor-column elementor-col-25 elementor-top-column elementor-element elementor-element-963c5df\" data-id=\"963c5df\" data-element_type=\"column\" data-e-type=\"column\">\n\t\t\t<div class=\"elementor-widget-wrap elementor-element-populated\">\n\t\t\t\t\t\t<div class=\"elementor-element elementor-element-0c45b08 elementor-button-success elementor-align-center elementor-widget-tablet__width-initial elementor-widget elementor-widget-copy-button\" data-id=\"0c45b08\" data-element_type=\"widget\" data-e-type=\"widget\" data-widget_type=\"copy-button.default\">\n\t\t\t\t<div class=\"elementor-widget-container\">\n\t\t\t\t\t        <div >\n                    <div >       \n            <button class=\"elementor-button elementor-animation-pulse elementor-size-xl\" data-clipboard-target=\"#e-clipboard-value-0c45b08-212\" type=\"button\" id=\"e-clipboard-btn-0c45b08-212\" data-animation=\"jello\">\n                <span class=\"elementor-button-content-wrapper e-flexbox\">\n                                                <span class=\"elementor-button-icon elementor-align-icon-left\">\n                        <i aria-hidden=\"true\" class=\"icon icon-smartphone1\"><\/i>                        <\/span>\n                            <span class=\"elementor-button-text\">Copy<\/span>\n                <\/span>\n            <\/button>\n        <\/div>\n                        <input class=\"elementor-size-xl elementor-field-textual e-form-control\" id=\"e-clipboard-value-0c45b08-212\" type=\"text\" value=\"(473) 147 8073\">            \n                        <\/div>\n        \t\t\t\t<\/div>\n\t\t\t\t<\/div>\n\t\t\t\t\t<\/div>\n\t\t<\/div>\n\t\t\t\t\t<\/div>\n\t\t<\/section>\n\t\t\t\t<section data-particle_enable=\"false\" data-particle-mobile-disabled=\"false\" class=\"elementor-section elementor-top-section elementor-element elementor-element-3b95a05 elementor-section-boxed elementor-section-height-default elementor-section-height-default\" data-id=\"3b95a05\" data-element_type=\"section\" data-e-type=\"section\">\n\t\t\t\t\t\t<div class=\"elementor-container elementor-column-gap-default\">\n\t\t\t\t\t<div class=\"elementor-column elementor-col-100 elementor-top-column elementor-element elementor-element-d9ae913\" data-id=\"d9ae913\" data-element_type=\"column\" data-e-type=\"column\">\n\t\t\t<div class=\"elementor-widget-wrap elementor-element-populated\">\n\t\t\t\t\t\t<div class=\"elementor-element elementor-element-194c9b1 elementor-align-center elementor-widget elementor-widget-copy-button\" data-id=\"194c9b1\" data-element_type=\"widget\" data-e-type=\"widget\" data-widget_type=\"copy-button.default\">\n\t\t\t\t<div class=\"elementor-widget-container\">\n\t\t\t\t\t        <div >\n                    <div >       \n            <button class=\"elementor-button elementor-size-sm\" data-clipboard-target=\"#e-clipboard-value-194c9b1-212\" type=\"button\" id=\"e-clipboard-btn-194c9b1-212\" data-animation=\"jello\">\n                <span class=\"elementor-button-content-wrapper e-flexbox\">\n                                                <span class=\"elementor-button-icon elementor-align-icon-left\">\n                        <i aria-hidden=\"true\" class=\"far fa-clipboard\"><\/i>                        <\/span>\n                            <span class=\"elementor-button-text\">Copiar Informaci\u00f3n de Contacto<\/span>\n                <\/span>\n            <\/button>\n        <\/div>\n                        <textarea class=\"elementor-size-sm e-offscreen elementor-field-textual e-form-control\" aria-hidden=\"true\" id=\"e-clipboard-value-194c9b1-212\" type=\"text\" value=\"Yes.Oui.S\u00ed Traducci\u00f3n Simult\u00e1nea\nAmeric Jenkins\nameric@yes-oui-si.com\nCel: 473 103 0839\n\">Yes.Oui.S\u00ed Traducci\u00f3n Simult\u00e1nea\nAmeric Jenkins\nameric@yes-oui-si.com\nCel: 473 103 0839\n<\/textarea>    \n                        <\/div>\n        \t\t\t\t<\/div>\n\t\t\t\t<\/div>\n\t\t\t\t\t<\/div>\n\t\t<\/div>\n\t\t\t\t\t<\/div>\n\t\t<\/section>\n\t\t\t\t<section data-particle_enable=\"false\" data-particle-mobile-disabled=\"false\" class=\"elementor-section elementor-top-section elementor-element elementor-element-6b5e8d9 elementor-section-boxed elementor-section-height-default elementor-section-height-default\" data-id=\"6b5e8d9\" data-element_type=\"section\" data-e-type=\"section\">\n\t\t\t\t\t\t<div class=\"elementor-container elementor-column-gap-default\">\n\t\t\t\t\t<div class=\"elementor-column elementor-col-100 elementor-top-column elementor-element elementor-element-9bd5c63\" data-id=\"9bd5c63\" data-element_type=\"column\" data-e-type=\"column\">\n\t\t\t<div class=\"elementor-widget-wrap\">\n\t\t\t\t\t\t\t<\/div>\n\t\t<\/div>\n\t\t\t\t\t<\/div>\n\t\t<\/section>\n\t\t\t\t<\/div>\n\t\t","protected":false},"excerpt":{"rendered":"<p>\u00a1Cont\u00e1ctanos! \u00a1Cont\u00e1ctanos! \u00a1Nuestro placer es servirte! No importa lo que sea, escr\u00edbenos y con gusto te atenderemos. Copy Copy Copy Copy Copiar Informaci\u00f3n de Contacto Yes.Oui.S\u00ed Traducci\u00f3n Simult\u00e1nea Americ Jenkins americ@yes-oui-si.com Cel: 473 103 0839<\/p>","protected":false},"author":1,"featured_media":0,"parent":0,"menu_order":0,"comment_status":"closed","ping_status":"closed","template":"elementor_header_footer","meta":{"footnotes":""},"class_list":["post-212","page","type-page","status-publish","hentry"],"yoast_head":"<!-- This site is optimized with the Yoast SEO plugin v27.5 - https:\/\/yoast.com\/product\/yoast-seo-wordpress\/ -->\n<title>Contacto - Yes.Oui.Si<\/title>\n<meta name=\"robots\" content=\"index, follow, max-snippet:-1, max-image-preview:large, max-video-preview:-1\" \/>\n<link rel=\"canonical\" href=\"https:\/\/traduccionesyes.com\/en_us\/contacto\/\" \/>\n<meta property=\"og:locale\" content=\"en_US\" \/>\n<meta property=\"og:type\" content=\"article\" \/>\n<meta property=\"og:title\" content=\"Contacto - Yes.Oui.Si\" \/>\n<meta property=\"og:description\" content=\"\u00a1Cont\u00e1ctanos! \u00a1Cont\u00e1ctanos! \u00a1Nuestro placer es servirte! No importa lo que sea, escr\u00edbenos y con gusto te atenderemos. Copy Copy Copy Copy Copiar Informaci\u00f3n de Contacto Yes.Oui.S\u00ed Traducci\u00f3n Simult\u00e1nea Americ Jenkins americ@yes-oui-si.com Cel: 473 103 0839\" \/>\n<meta property=\"og:url\" content=\"https:\/\/traduccionesyes.com\/en_us\/contacto\/\" \/>\n<meta property=\"og:site_name\" content=\"Yes.Oui.Si\" \/>\n<meta property=\"article:modified_time\" content=\"2026-04-30T01:14:07+00:00\" \/>\n<meta name=\"twitter:card\" content=\"summary_large_image\" \/>\n<meta name=\"twitter:label1\" content=\"Est. reading time\" \/>\n\t<meta name=\"twitter:data1\" content=\"1 minute\" \/>\n<script type=\"application\/ld+json\" class=\"yoast-schema-graph\">{\"@context\":\"https:\\\/\\\/schema.org\",\"@graph\":[{\"@type\":\"WebPage\",\"@id\":\"https:\\\/\\\/traduccionesyes.com\\\/contacto\\\/\",\"url\":\"https:\\\/\\\/traduccionesyes.com\\\/contacto\\\/\",\"name\":\"Contacto - Yes.Oui.Si\",\"isPartOf\":{\"@id\":\"https:\\\/\\\/traduccionesyes.com\\\/#website\"},\"datePublished\":\"2021-08-13T19:33:52+00:00\",\"dateModified\":\"2026-04-30T01:14:07+00:00\",\"breadcrumb\":{\"@id\":\"https:\\\/\\\/traduccionesyes.com\\\/contacto\\\/#breadcrumb\"},\"inLanguage\":\"en-US\",\"potentialAction\":[{\"@type\":\"ReadAction\",\"target\":[\"https:\\\/\\\/traduccionesyes.com\\\/contacto\\\/\"]}]},{\"@type\":\"BreadcrumbList\",\"@id\":\"https:\\\/\\\/traduccionesyes.com\\\/contacto\\\/#breadcrumb\",\"itemListElement\":[{\"@type\":\"ListItem\",\"position\":1,\"name\":\"Portada\",\"item\":\"https:\\\/\\\/traduccionesyes.com\\\/\"},{\"@type\":\"ListItem\",\"position\":2,\"name\":\"Contacto\"}]},{\"@type\":\"WebSite\",\"@id\":\"https:\\\/\\\/traduccionesyes.com\\\/#website\",\"url\":\"https:\\\/\\\/traduccionesyes.com\\\/\",\"name\":\"Yes.Oui.Si\",\"description\":\"Traducci\u00f3n Simultanea\",\"publisher\":{\"@id\":\"https:\\\/\\\/traduccionesyes.com\\\/#organization\"},\"potentialAction\":[{\"@type\":\"SearchAction\",\"target\":{\"@type\":\"EntryPoint\",\"urlTemplate\":\"https:\\\/\\\/traduccionesyes.com\\\/?s={search_term_string}\"},\"query-input\":{\"@type\":\"PropertyValueSpecification\",\"valueRequired\":true,\"valueName\":\"search_term_string\"}}],\"inLanguage\":\"en-US\"},{\"@type\":\"Organization\",\"@id\":\"https:\\\/\\\/traduccionesyes.com\\\/#organization\",\"name\":\"Yes.Oui.Si\",\"url\":\"https:\\\/\\\/traduccionesyes.com\\\/\",\"logo\":{\"@type\":\"ImageObject\",\"inLanguage\":\"en-US\",\"@id\":\"https:\\\/\\\/traduccionesyes.com\\\/#\\\/schema\\\/logo\\\/image\\\/\",\"url\":\"https:\\\/\\\/traduccionesyes.com\\\/wp-content\\\/uploads\\\/2021\\\/08\\\/YESOUISI-logo.jpg\",\"contentUrl\":\"https:\\\/\\\/traduccionesyes.com\\\/wp-content\\\/uploads\\\/2021\\\/08\\\/YESOUISI-logo.jpg\",\"width\":672,\"height\":594,\"caption\":\"Yes.Oui.Si\"},\"image\":{\"@id\":\"https:\\\/\\\/traduccionesyes.com\\\/#\\\/schema\\\/logo\\\/image\\\/\"}}]}<\/script>\n<!-- \/ Yoast SEO plugin. -->","yoast_head_json":{"title":"Contacto - Yes.Oui.Si","robots":{"index":"index","follow":"follow","max-snippet":"max-snippet:-1","max-image-preview":"max-image-preview:large","max-video-preview":"max-video-preview:-1"},"canonical":"https:\/\/traduccionesyes.com\/en_us\/contacto\/","og_locale":"en_US","og_type":"article","og_title":"Contacto - Yes.Oui.Si","og_description":"\u00a1Cont\u00e1ctanos! \u00a1Cont\u00e1ctanos! \u00a1Nuestro placer es servirte! No importa lo que sea, escr\u00edbenos y con gusto te atenderemos. Copy Copy Copy Copy Copiar Informaci\u00f3n de Contacto Yes.Oui.S\u00ed Traducci\u00f3n Simult\u00e1nea Americ Jenkins americ@yes-oui-si.com Cel: 473 103 0839","og_url":"https:\/\/traduccionesyes.com\/en_us\/contacto\/","og_site_name":"Yes.Oui.Si","article_modified_time":"2026-04-30T01:14:07+00:00","twitter_card":"summary_large_image","twitter_misc":{"Est. reading time":"1 minute"},"schema":{"@context":"https:\/\/schema.org","@graph":[{"@type":"WebPage","@id":"https:\/\/traduccionesyes.com\/contacto\/","url":"https:\/\/traduccionesyes.com\/contacto\/","name":"Contacto - Yes.Oui.Si","isPartOf":{"@id":"https:\/\/traduccionesyes.com\/#website"},"datePublished":"2021-08-13T19:33:52+00:00","dateModified":"2026-04-30T01:14:07+00:00","breadcrumb":{"@id":"https:\/\/traduccionesyes.com\/contacto\/#breadcrumb"},"inLanguage":"en-US","potentialAction":[{"@type":"ReadAction","target":["https:\/\/traduccionesyes.com\/contacto\/"]}]},{"@type":"BreadcrumbList","@id":"https:\/\/traduccionesyes.com\/contacto\/#breadcrumb","itemListElement":[{"@type":"ListItem","position":1,"name":"Portada","item":"https:\/\/traduccionesyes.com\/"},{"@type":"ListItem","position":2,"name":"Contacto"}]},{"@type":"WebSite","@id":"https:\/\/traduccionesyes.com\/#website","url":"https:\/\/traduccionesyes.com\/","name":"Yes.Oui.Si","description":"Traducci\u00f3n Simultanea","publisher":{"@id":"https:\/\/traduccionesyes.com\/#organization"},"potentialAction":[{"@type":"SearchAction","target":{"@type":"EntryPoint","urlTemplate":"https:\/\/traduccionesyes.com\/?s={search_term_string}"},"query-input":{"@type":"PropertyValueSpecification","valueRequired":true,"valueName":"search_term_string"}}],"inLanguage":"en-US"},{"@type":"Organization","@id":"https:\/\/traduccionesyes.com\/#organization","name":"Yes.Oui.Si","url":"https:\/\/traduccionesyes.com\/","logo":{"@type":"ImageObject","inLanguage":"en-US","@id":"https:\/\/traduccionesyes.com\/#\/schema\/logo\/image\/","url":"https:\/\/traduccionesyes.com\/wp-content\/uploads\/2021\/08\/YESOUISI-logo.jpg","contentUrl":"https:\/\/traduccionesyes.com\/wp-content\/uploads\/2021\/08\/YESOUISI-logo.jpg","width":672,"height":594,"caption":"Yes.Oui.Si"},"image":{"@id":"https:\/\/traduccionesyes.com\/#\/schema\/logo\/image\/"}}]}},"_links":{"self":[{"href":"https:\/\/traduccionesyes.com\/en_us\/wp-json\/wp\/v2\/pages\/212","targetHints":{"allow":["GET"]}}],"collection":[{"href":"https:\/\/traduccionesyes.com\/en_us\/wp-json\/wp\/v2\/pages"}],"about":[{"href":"https:\/\/traduccionesyes.com\/en_us\/wp-json\/wp\/v2\/types\/page"}],"author":[{"embeddable":true,"href":"https:\/\/traduccionesyes.com\/en_us\/wp-json\/wp\/v2\/users\/1"}],"replies":[{"embeddable":true,"href":"https:\/\/traduccionesyes.com\/en_us\/wp-json\/wp\/v2\/comments?post=212"}],"version-history":[{"count":115,"href":"https:\/\/traduccionesyes.com\/en_us\/wp-json\/wp\/v2\/pages\/212\/revisions"}],"predecessor-version":[{"id":2938,"href":"https:\/\/traduccionesyes.com\/en_us\/wp-json\/wp\/v2\/pages\/212\/revisions\/2938"}],"wp:attachment":[{"href":"https:\/\/traduccionesyes.com\/en_us\/wp-json\/wp\/v2\/media?parent=212"}],"curies":[{"name":"wp","href":"https:\/\/api.w.org\/{rel}","templated":true}]}}