{"id":243,"date":"2021-08-16T13:39:56","date_gmt":"2021-08-16T13:39:56","guid":{"rendered":"https:\/\/traduccionestemporal.s-bermudez.com\/?page_id=243"},"modified":"2021-11-11T03:36:20","modified_gmt":"2021-11-11T03:36:20","slug":"faq","status":"publish","type":"page","link":"https:\/\/traduccionesyes.com\/en_us\/faq\/","title":{"rendered":"FAQ"},"content":{"rendered":"\t\t<div data-elementor-type=\"wp-page\" data-elementor-id=\"243\" class=\"elementor elementor-243\">\n\t\t\t\t\t\t<section data-particle_enable=\"false\" data-particle-mobile-disabled=\"false\" class=\"elementor-section elementor-top-section elementor-element elementor-element-477bc994 elementor-section-full_width elementor-section-height-default elementor-section-height-default\" data-id=\"477bc994\" data-element_type=\"section\" data-e-type=\"section\" data-settings=\"{&quot;background_background&quot;:&quot;slideshow&quot;,&quot;background_slideshow_gallery&quot;:[{&quot;id&quot;:344,&quot;url&quot;:&quot;https:\\\/\\\/traduccionesyes.com\\\/wp-content\\\/uploads\\\/2021\\\/09\\\/Hero1_opt.jpg&quot;},{&quot;id&quot;:345,&quot;url&quot;:&quot;https:\\\/\\\/traduccionesyes.com\\\/wp-content\\\/uploads\\\/2021\\\/09\\\/Hero2_opt.jpg&quot;},{&quot;id&quot;:346,&quot;url&quot;:&quot;https:\\\/\\\/traduccionesyes.com\\\/wp-content\\\/uploads\\\/2021\\\/09\\\/Hero3_opt.jpg&quot;}],&quot;background_slideshow_ken_burns&quot;:&quot;yes&quot;,&quot;background_slideshow_loop&quot;:&quot;yes&quot;,&quot;background_slideshow_slide_duration&quot;:5000,&quot;background_slideshow_slide_transition&quot;:&quot;fade&quot;,&quot;background_slideshow_transition_duration&quot;:500,&quot;background_slideshow_ken_burns_zoom_direction&quot;:&quot;in&quot;}\">\n\t\t\t\t\t\t\t<div class=\"elementor-background-overlay\"><\/div>\n\t\t\t\t\t\t\t<div class=\"elementor-container elementor-column-gap-default\">\n\t\t\t\t\t<div class=\"elementor-column elementor-col-100 elementor-top-column elementor-element elementor-element-5498d310\" data-id=\"5498d310\" data-element_type=\"column\" data-e-type=\"column\">\n\t\t\t<div class=\"elementor-widget-wrap elementor-element-populated\">\n\t\t\t\t\t\t<div class=\"elementor-element elementor-element-54705639 elementor-widget elementor-widget-elementskit-heading\" data-id=\"54705639\" data-element_type=\"widget\" data-e-type=\"widget\" data-widget_type=\"elementskit-heading.default\">\n\t\t\t\t<div class=\"elementor-widget-container\">\n\t\t\t\t\t<div class=\"ekit-wid-con\" ><div class=\"ekit-heading elementskit-section-title-wraper center   ekit_heading_tablet-   ekit_heading_mobile-\"><h2 class=\"ekit-heading--title elementskit-section-title \">\u00bfTienes dudas?<\/h2><div class=\"ekit_heading_separetor_wraper ekit_heading_elementskit-border-divider ekit-dotted\"><div class=\"elementskit-border-divider ekit-dotted\"><\/div><\/div>\t\t\t\t<div class='ekit-heading__description'>\n\t\t\t\t\t<p><span style=\"font-weight: 400\">Danos la oportunidad de resolverlas. A continuaci\u00f3n te presentamos las preguntas m\u00e1s frecuentes.<\/span><\/p>\n\t\t\t\t<\/div>\n\t\t\t<\/div><\/div>\t\t\t\t<\/div>\n\t\t\t\t<\/div>\n\t\t\t\t\t<\/div>\n\t\t<\/div>\n\t\t\t\t\t<\/div>\n\t\t<\/section>\n\t\t\t\t<section data-particle_enable=\"false\" data-particle-mobile-disabled=\"false\" class=\"elementor-section elementor-top-section elementor-element elementor-element-159755b7 elementor-section-boxed elementor-section-height-default elementor-section-height-default\" data-id=\"159755b7\" data-element_type=\"section\" data-e-type=\"section\" data-settings=\"{&quot;background_background&quot;:&quot;classic&quot;}\">\n\t\t\t\t\t\t<div class=\"elementor-container elementor-column-gap-default\">\n\t\t\t\t\t<div class=\"elementor-column elementor-col-100 elementor-top-column elementor-element elementor-element-f0e23fc\" data-id=\"f0e23fc\" data-element_type=\"column\" data-e-type=\"column\">\n\t\t\t<div class=\"elementor-widget-wrap elementor-element-populated\">\n\t\t\t\t\t\t<section data-particle_enable=\"false\" data-particle-mobile-disabled=\"false\" class=\"elementor-section elementor-inner-section elementor-element elementor-element-2d09cbad elementor-section-boxed elementor-section-height-default elementor-section-height-default\" data-id=\"2d09cbad\" data-element_type=\"section\" data-e-type=\"section\">\n\t\t\t\t\t\t<div class=\"elementor-container elementor-column-gap-default\">\n\t\t\t\t\t<div class=\"elementor-column elementor-col-50 elementor-inner-column elementor-element elementor-element-53a03454\" data-id=\"53a03454\" data-element_type=\"column\" data-e-type=\"column\">\n\t\t\t<div class=\"elementor-widget-wrap elementor-element-populated\">\n\t\t\t\t\t\t<div class=\"elementor-element elementor-element-55e08d34 ekit-equal-height-enable elementor-widget elementor-widget-elementskit-icon-box\" data-id=\"55e08d34\" data-element_type=\"widget\" data-e-type=\"widget\" data-widget_type=\"elementskit-icon-box.default\">\n\t\t\t\t<div class=\"elementor-widget-container\">\n\t\t\t\t\t<div class=\"ekit-wid-con\" >        <!-- link opening -->\n                <!-- end link opening -->\n\n        <div class=\"elementskit-infobox text- text-left icon-lef-right-aligin elementor-animation- media gradient-active  hover_from_left\">\n                    <div class=\"elementskit-box-header elementor-animation-\">\n                <div class=\"elementskit-info-box-icon  text-center\">\n                    <i aria-hidden=\"true\" class=\"elementkit-infobox-icon icon icon-animated-text\"><\/i>\n                <\/div>\n          <\/div>\n                        <div class=\"box-body\">\n                            <h3 class=\"elementskit-info-box-title\">\n                    \u00bfCu\u00e1l es la diferencia entre traducci\u00f3n e interpretaci\u00f3n simult\u00e1nea?                <\/h3>\n                        \t\t  \t<p>La traducci\u00f3n es la conversi\u00f3n de un texto en un idioma a otro, es decir traducci\u00f3n escrita. La interpretaci\u00f3n simult\u00e1nea es la conversi\u00f3n oral de un idioma a otro, el ponente en espa\u00f1ol y el int\u00e9rprete simult\u00e1neo repite en ingl\u00e9s lo que dijo el ponente con un retraso aproximado de 5 a 6 segundos. Para realizar la interpretaci\u00f3n simult\u00e1nea es necesario contar con el equipo de interpretaci\u00f3n simult\u00e1nea, de lo contrario s\u00f3lo se puede hacer una interpretaci\u00f3n consecutiva. La interpretaci\u00f3n consecutiva es cuando el ponente presenta su idea seguido por una pausa para que el int\u00e9rprete consecutivo realice la conversi\u00f3n al idioma deseado.\n<\/p>\n                                <\/div>\n        \n        \n                <\/div>\n        <\/div>\t\t\t\t<\/div>\n\t\t\t\t<\/div>\n\t\t\t\t\t<\/div>\n\t\t<\/div>\n\t\t\t\t<div class=\"elementor-column elementor-col-50 elementor-inner-column elementor-element elementor-element-66f4340e\" data-id=\"66f4340e\" data-element_type=\"column\" data-e-type=\"column\">\n\t\t\t<div class=\"elementor-widget-wrap elementor-element-populated\">\n\t\t\t\t\t\t<div class=\"elementor-element elementor-element-272e8a52 ekit-equal-height-enable elementor-widget elementor-widget-elementskit-icon-box\" data-id=\"272e8a52\" data-element_type=\"widget\" data-e-type=\"widget\" data-widget_type=\"elementskit-icon-box.default\">\n\t\t\t\t<div class=\"elementor-widget-container\">\n\t\t\t\t\t<div class=\"ekit-wid-con\" >        <!-- link opening -->\n                <!-- end link opening -->\n\n        <div class=\"elementskit-infobox text- text-left icon-lef-right-aligin elementor-animation- media  \">\n                    <div class=\"elementskit-box-header elementor-animation-\">\n                <div class=\"elementskit-info-box-icon  text-center\">\n                    <i aria-hidden=\"true\" class=\"elementkit-infobox-icon fas fa-people-carry\"><\/i>\n                <\/div>\n          <\/div>\n                        <div class=\"box-body\">\n                            <h3 class=\"elementskit-info-box-title\">\n                    \u00bfPor qu\u00e9 es necesario que sean 2 int\u00e9rpretes simult\u00e1neos en caso de ser m\u00e1s de 2 horas de interpretaci\u00f3n?                <\/h3>\n                        \t\t  \t<p>La interpretaci\u00f3n simult\u00e1nea es un trabajo que requiere de un alto grado de concentraci\u00f3n y al cabo de 2 horas de interpretaci\u00f3n el int\u00e9rprete sufre de un agotamiento mental por lo que empieza a perder concentraci\u00f3n y la calidad de la interpretaci\u00f3n se ve afectada. Al ser dos int\u00e9rpretes se turnan cada 20 a 30 minutos para asegurar que la precisi\u00f3n de la interpretaci\u00f3n no sea afectada. Adem\u00e1s, el int\u00e9rprete que en ese momento no est\u00e9 interpretando apoya al que s\u00ed est\u00e9 interpretando con vocabulario o correcci\u00f3n de alguna palabra err\u00f3nea.<\/p>\n                                <\/div>\n        \n        \n                <\/div>\n        <\/div>\t\t\t\t<\/div>\n\t\t\t\t<\/div>\n\t\t\t\t\t<\/div>\n\t\t<\/div>\n\t\t\t\t\t<\/div>\n\t\t<\/section>\n\t\t\t\t<section data-particle_enable=\"false\" data-particle-mobile-disabled=\"false\" class=\"elementor-section elementor-inner-section elementor-element elementor-element-e27ff5d elementor-section-boxed elementor-section-height-default elementor-section-height-default\" data-id=\"e27ff5d\" data-element_type=\"section\" data-e-type=\"section\">\n\t\t\t\t\t\t<div class=\"elementor-container elementor-column-gap-default\">\n\t\t\t\t\t<div class=\"elementor-column elementor-col-50 elementor-inner-column elementor-element elementor-element-4ff5199e\" data-id=\"4ff5199e\" data-element_type=\"column\" data-e-type=\"column\">\n\t\t\t<div class=\"elementor-widget-wrap elementor-element-populated\">\n\t\t\t\t\t\t<div class=\"elementor-element elementor-element-2f035328 ekit-equal-height-enable elementor-widget elementor-widget-elementskit-icon-box\" data-id=\"2f035328\" data-element_type=\"widget\" data-e-type=\"widget\" data-widget_type=\"elementskit-icon-box.default\">\n\t\t\t\t<div class=\"elementor-widget-container\">\n\t\t\t\t\t<div class=\"ekit-wid-con\" >        <!-- link opening -->\n                <!-- end link opening -->\n\n        <div class=\"elementskit-infobox text- text-left icon-lef-right-aligin elementor-animation- media  \">\n                    <div class=\"elementskit-box-header elementor-animation-\">\n                <div class=\"elementskit-info-box-icon  text-center\">\n                    <i aria-hidden=\"true\" class=\"elementkit-infobox-icon fas fa-headset\"><\/i>\n                <\/div>\n          <\/div>\n                        <div class=\"box-body\">\n                            <h3 class=\"elementskit-info-box-title\">\n                    \u00bfC\u00f3mo funciona el equipo de interpretaci\u00f3n simult\u00e1nea?                <\/h3>\n                        \t\t  \t<p>El equipo de interpretaci\u00f3n simult\u00e1nea se conforma de dos partes principales. Por un lado, el receptor inal\u00e1mbrico con aud\u00edfonos que recibe el participante donde podr\u00e1 escuchar la interpretaci\u00f3n simult\u00e1nea de la ponencia la cual no tiene ninguna interferencia con el audio local. Por otro lado, est\u00e1 la cabina de int\u00e9rpretes donde trabajan los int\u00e9rpretes con el transmisor con micr\u00f3fono que es el que manda la se\u00f1al a todos los receptores inal\u00e1mbricos.<\/p>\n                                <\/div>\n        \n        \n                <\/div>\n        <\/div>\t\t\t\t<\/div>\n\t\t\t\t<\/div>\n\t\t\t\t\t<\/div>\n\t\t<\/div>\n\t\t\t\t<div class=\"elementor-column elementor-col-50 elementor-inner-column elementor-element elementor-element-5943fecd\" data-id=\"5943fecd\" data-element_type=\"column\" data-e-type=\"column\">\n\t\t\t<div class=\"elementor-widget-wrap elementor-element-populated\">\n\t\t\t\t\t\t<div class=\"elementor-element elementor-element-534e2b2a ekit-equal-height-enable elementor-widget elementor-widget-elementskit-icon-box\" data-id=\"534e2b2a\" data-element_type=\"widget\" data-e-type=\"widget\" data-widget_type=\"elementskit-icon-box.default\">\n\t\t\t\t<div class=\"elementor-widget-container\">\n\t\t\t\t\t<div class=\"ekit-wid-con\" >        <!-- link opening -->\n                <!-- end link opening -->\n\n        <div class=\"elementskit-infobox text- text-left icon-lef-right-aligin elementor-animation- media  \">\n                    <div class=\"elementskit-box-header elementor-animation-\">\n                <div class=\"elementskit-info-box-icon  text-center\">\n                    <i aria-hidden=\"true\" class=\"elementkit-infobox-icon fas fa-chalkboard-teacher\"><\/i>\n                <\/div>\n          <\/div>\n                        <div class=\"box-body\">\n                            <h3 class=\"elementskit-info-box-title\">\n                    \u00bfC\u00f3mo puedo estar seguro de que el int\u00e9rprete que contrate conocer\u00e1 la terminolog\u00eda de mi evento?                <\/h3>\n                        \t\t  \t<p>Al cotizar el servicio de interpretaci\u00f3n podr\u00e1 solicitar el curr\u00edculo vitae del int\u00e9rprete simult\u00e1neo que cubrir\u00e1 el evento donde podr\u00e1 encontrar sus \u00e1reas de especializaci\u00f3n. Por otro lado, es importante que env\u00ede material del tema de su evento para que el int\u00e9rprete pueda preparar un glosario espec\u00edfico para su evento. Adem\u00e1s, en su caso, el primer d\u00eda del evento el int\u00e9rprete puede reunirse con el ponente para despejar dudas de vocabulario nuevo o diferente.<\/p>\n                                <\/div>\n        \n        \n                <\/div>\n        <\/div>\t\t\t\t<\/div>\n\t\t\t\t<\/div>\n\t\t\t\t\t<\/div>\n\t\t<\/div>\n\t\t\t\t\t<\/div>\n\t\t<\/section>\n\t\t\t\t\t<\/div>\n\t\t<\/div>\n\t\t\t\t\t<\/div>\n\t\t<\/section>\n\t\t\t\t<\/div>\n\t\t","protected":false},"excerpt":{"rendered":"<p>\u00bfTienes dudas? Danos la oportunidad de resolverlas. A continuaci\u00f3n te presentamos las preguntas m\u00e1s frecuentes. \u00bfCu\u00e1l es la diferencia entre traducci\u00f3n e interpretaci\u00f3n simult\u00e1nea? La traducci\u00f3n es la conversi\u00f3n de un texto en un idioma a otro, es decir traducci\u00f3n escrita. La interpretaci\u00f3n simult\u00e1nea es la conversi\u00f3n oral de un idioma a otro, el ponente [&hellip;]<\/p>\n","protected":false},"author":1,"featured_media":0,"parent":0,"menu_order":0,"comment_status":"closed","ping_status":"closed","template":"","meta":{"footnotes":""},"class_list":["post-243","page","type-page","status-publish","hentry"],"yoast_head":"<!-- This site is optimized with the Yoast SEO plugin v27.3 - https:\/\/yoast.com\/product\/yoast-seo-wordpress\/ -->\n<title>FAQ - Yes.Oui.Si<\/title>\n<meta name=\"robots\" content=\"index, follow, max-snippet:-1, max-image-preview:large, max-video-preview:-1\" \/>\n<link rel=\"canonical\" href=\"https:\/\/traduccionesyes.com\/en_us\/faq\/\" \/>\n<meta property=\"og:locale\" content=\"en_US\" \/>\n<meta property=\"og:type\" content=\"article\" \/>\n<meta property=\"og:title\" content=\"FAQ - Yes.Oui.Si\" \/>\n<meta property=\"og:description\" content=\"\u00bfTienes dudas? Danos la oportunidad de resolverlas. A continuaci\u00f3n te presentamos las preguntas m\u00e1s frecuentes. \u00bfCu\u00e1l es la diferencia entre traducci\u00f3n e interpretaci\u00f3n simult\u00e1nea? La traducci\u00f3n es la conversi\u00f3n de un texto en un idioma a otro, es decir traducci\u00f3n escrita. La interpretaci\u00f3n simult\u00e1nea es la conversi\u00f3n oral de un idioma a otro, el ponente [&hellip;]\" \/>\n<meta property=\"og:url\" content=\"https:\/\/traduccionesyes.com\/en_us\/faq\/\" \/>\n<meta property=\"og:site_name\" content=\"Yes.Oui.Si\" \/>\n<meta property=\"article:modified_time\" content=\"2021-11-11T03:36:20+00:00\" \/>\n<meta name=\"twitter:card\" content=\"summary_large_image\" \/>\n<meta name=\"twitter:label1\" content=\"Est. reading time\" \/>\n\t<meta name=\"twitter:data1\" content=\"2 minutes\" \/>\n<script type=\"application\/ld+json\" class=\"yoast-schema-graph\">{\"@context\":\"https:\\\/\\\/schema.org\",\"@graph\":[{\"@type\":\"WebPage\",\"@id\":\"https:\\\/\\\/traduccionesyes.com\\\/faq\\\/\",\"url\":\"https:\\\/\\\/traduccionesyes.com\\\/faq\\\/\",\"name\":\"FAQ - Yes.Oui.Si\",\"isPartOf\":{\"@id\":\"https:\\\/\\\/traduccionesyes.com\\\/#website\"},\"datePublished\":\"2021-08-16T13:39:56+00:00\",\"dateModified\":\"2021-11-11T03:36:20+00:00\",\"breadcrumb\":{\"@id\":\"https:\\\/\\\/traduccionesyes.com\\\/faq\\\/#breadcrumb\"},\"inLanguage\":\"en-US\",\"potentialAction\":[{\"@type\":\"ReadAction\",\"target\":[\"https:\\\/\\\/traduccionesyes.com\\\/faq\\\/\"]}]},{\"@type\":\"BreadcrumbList\",\"@id\":\"https:\\\/\\\/traduccionesyes.com\\\/faq\\\/#breadcrumb\",\"itemListElement\":[{\"@type\":\"ListItem\",\"position\":1,\"name\":\"Portada\",\"item\":\"https:\\\/\\\/traduccionesyes.com\\\/\"},{\"@type\":\"ListItem\",\"position\":2,\"name\":\"FAQ\"}]},{\"@type\":\"WebSite\",\"@id\":\"https:\\\/\\\/traduccionesyes.com\\\/#website\",\"url\":\"https:\\\/\\\/traduccionesyes.com\\\/\",\"name\":\"Yes.Oui.Si\",\"description\":\"Traducci\u00f3n Simultanea\",\"publisher\":{\"@id\":\"https:\\\/\\\/traduccionesyes.com\\\/#organization\"},\"potentialAction\":[{\"@type\":\"SearchAction\",\"target\":{\"@type\":\"EntryPoint\",\"urlTemplate\":\"https:\\\/\\\/traduccionesyes.com\\\/?s={search_term_string}\"},\"query-input\":{\"@type\":\"PropertyValueSpecification\",\"valueRequired\":true,\"valueName\":\"search_term_string\"}}],\"inLanguage\":\"en-US\"},{\"@type\":\"Organization\",\"@id\":\"https:\\\/\\\/traduccionesyes.com\\\/#organization\",\"name\":\"Yes.Oui.Si\",\"url\":\"https:\\\/\\\/traduccionesyes.com\\\/\",\"logo\":{\"@type\":\"ImageObject\",\"inLanguage\":\"en-US\",\"@id\":\"https:\\\/\\\/traduccionesyes.com\\\/#\\\/schema\\\/logo\\\/image\\\/\",\"url\":\"https:\\\/\\\/traduccionesyes.com\\\/wp-content\\\/uploads\\\/2021\\\/08\\\/YESOUISI-logo.jpg\",\"contentUrl\":\"https:\\\/\\\/traduccionesyes.com\\\/wp-content\\\/uploads\\\/2021\\\/08\\\/YESOUISI-logo.jpg\",\"width\":672,\"height\":594,\"caption\":\"Yes.Oui.Si\"},\"image\":{\"@id\":\"https:\\\/\\\/traduccionesyes.com\\\/#\\\/schema\\\/logo\\\/image\\\/\"}}]}<\/script>\n<!-- \/ Yoast SEO plugin. -->","yoast_head_json":{"title":"FAQ - Yes.Oui.Si","robots":{"index":"index","follow":"follow","max-snippet":"max-snippet:-1","max-image-preview":"max-image-preview:large","max-video-preview":"max-video-preview:-1"},"canonical":"https:\/\/traduccionesyes.com\/en_us\/faq\/","og_locale":"en_US","og_type":"article","og_title":"FAQ - Yes.Oui.Si","og_description":"\u00bfTienes dudas? Danos la oportunidad de resolverlas. A continuaci\u00f3n te presentamos las preguntas m\u00e1s frecuentes. \u00bfCu\u00e1l es la diferencia entre traducci\u00f3n e interpretaci\u00f3n simult\u00e1nea? La traducci\u00f3n es la conversi\u00f3n de un texto en un idioma a otro, es decir traducci\u00f3n escrita. La interpretaci\u00f3n simult\u00e1nea es la conversi\u00f3n oral de un idioma a otro, el ponente [&hellip;]","og_url":"https:\/\/traduccionesyes.com\/en_us\/faq\/","og_site_name":"Yes.Oui.Si","article_modified_time":"2021-11-11T03:36:20+00:00","twitter_card":"summary_large_image","twitter_misc":{"Est. reading time":"2 minutes"},"schema":{"@context":"https:\/\/schema.org","@graph":[{"@type":"WebPage","@id":"https:\/\/traduccionesyes.com\/faq\/","url":"https:\/\/traduccionesyes.com\/faq\/","name":"FAQ - Yes.Oui.Si","isPartOf":{"@id":"https:\/\/traduccionesyes.com\/#website"},"datePublished":"2021-08-16T13:39:56+00:00","dateModified":"2021-11-11T03:36:20+00:00","breadcrumb":{"@id":"https:\/\/traduccionesyes.com\/faq\/#breadcrumb"},"inLanguage":"en-US","potentialAction":[{"@type":"ReadAction","target":["https:\/\/traduccionesyes.com\/faq\/"]}]},{"@type":"BreadcrumbList","@id":"https:\/\/traduccionesyes.com\/faq\/#breadcrumb","itemListElement":[{"@type":"ListItem","position":1,"name":"Portada","item":"https:\/\/traduccionesyes.com\/"},{"@type":"ListItem","position":2,"name":"FAQ"}]},{"@type":"WebSite","@id":"https:\/\/traduccionesyes.com\/#website","url":"https:\/\/traduccionesyes.com\/","name":"Yes.Oui.Si","description":"Traducci\u00f3n Simultanea","publisher":{"@id":"https:\/\/traduccionesyes.com\/#organization"},"potentialAction":[{"@type":"SearchAction","target":{"@type":"EntryPoint","urlTemplate":"https:\/\/traduccionesyes.com\/?s={search_term_string}"},"query-input":{"@type":"PropertyValueSpecification","valueRequired":true,"valueName":"search_term_string"}}],"inLanguage":"en-US"},{"@type":"Organization","@id":"https:\/\/traduccionesyes.com\/#organization","name":"Yes.Oui.Si","url":"https:\/\/traduccionesyes.com\/","logo":{"@type":"ImageObject","inLanguage":"en-US","@id":"https:\/\/traduccionesyes.com\/#\/schema\/logo\/image\/","url":"https:\/\/traduccionesyes.com\/wp-content\/uploads\/2021\/08\/YESOUISI-logo.jpg","contentUrl":"https:\/\/traduccionesyes.com\/wp-content\/uploads\/2021\/08\/YESOUISI-logo.jpg","width":672,"height":594,"caption":"Yes.Oui.Si"},"image":{"@id":"https:\/\/traduccionesyes.com\/#\/schema\/logo\/image\/"}}]}},"_links":{"self":[{"href":"https:\/\/traduccionesyes.com\/en_us\/wp-json\/wp\/v2\/pages\/243","targetHints":{"allow":["GET"]}}],"collection":[{"href":"https:\/\/traduccionesyes.com\/en_us\/wp-json\/wp\/v2\/pages"}],"about":[{"href":"https:\/\/traduccionesyes.com\/en_us\/wp-json\/wp\/v2\/types\/page"}],"author":[{"embeddable":true,"href":"https:\/\/traduccionesyes.com\/en_us\/wp-json\/wp\/v2\/users\/1"}],"replies":[{"embeddable":true,"href":"https:\/\/traduccionesyes.com\/en_us\/wp-json\/wp\/v2\/comments?post=243"}],"version-history":[{"count":85,"href":"https:\/\/traduccionesyes.com\/en_us\/wp-json\/wp\/v2\/pages\/243\/revisions"}],"predecessor-version":[{"id":959,"href":"https:\/\/traduccionesyes.com\/en_us\/wp-json\/wp\/v2\/pages\/243\/revisions\/959"}],"wp:attachment":[{"href":"https:\/\/traduccionesyes.com\/en_us\/wp-json\/wp\/v2\/media?parent=243"}],"curies":[{"name":"wp","href":"https:\/\/api.w.org\/{rel}","templated":true}]}}