{"id":252,"date":"2021-08-16T13:59:08","date_gmt":"2021-08-16T13:59:08","guid":{"rendered":"https:\/\/traduccionestemporal.s-bermudez.com\/?page_id=252"},"modified":"2023-09-19T21:00:07","modified_gmt":"2023-09-19T21:00:07","slug":"galeria","status":"publish","type":"page","link":"https:\/\/traduccionesyes.com\/en_us\/galeria\/","title":{"rendered":"Galeria"},"content":{"rendered":"\t\t<div data-elementor-type=\"wp-page\" data-elementor-id=\"252\" class=\"elementor elementor-252\">\n\t\t\t\t\t\t<section data-particle_enable=\"false\" data-particle-mobile-disabled=\"false\" class=\"elementor-section elementor-top-section elementor-element elementor-element-8657d0a elementor-section-full_width elementor-section-height-default elementor-section-height-default\" data-id=\"8657d0a\" data-element_type=\"section\" data-e-type=\"section\" data-settings=\"{&quot;background_background&quot;:&quot;slideshow&quot;,&quot;background_slideshow_gallery&quot;:[{&quot;id&quot;:345,&quot;url&quot;:&quot;https:\\\/\\\/traduccionesyes.com\\\/wp-content\\\/uploads\\\/2021\\\/09\\\/Hero2_opt.jpg&quot;},{&quot;id&quot;:346,&quot;url&quot;:&quot;https:\\\/\\\/traduccionesyes.com\\\/wp-content\\\/uploads\\\/2021\\\/09\\\/Hero3_opt.jpg&quot;},{&quot;id&quot;:344,&quot;url&quot;:&quot;https:\\\/\\\/traduccionesyes.com\\\/wp-content\\\/uploads\\\/2021\\\/09\\\/Hero1_opt.jpg&quot;}],&quot;background_slideshow_ken_burns&quot;:&quot;yes&quot;,&quot;background_slideshow_loop&quot;:&quot;yes&quot;,&quot;background_slideshow_slide_duration&quot;:5000,&quot;background_slideshow_slide_transition&quot;:&quot;fade&quot;,&quot;background_slideshow_transition_duration&quot;:500,&quot;background_slideshow_ken_burns_zoom_direction&quot;:&quot;in&quot;}\">\n\t\t\t\t\t\t\t<div class=\"elementor-background-overlay\"><\/div>\n\t\t\t\t\t\t\t<div class=\"elementor-container elementor-column-gap-default\">\n\t\t\t\t\t<div class=\"elementor-column elementor-col-100 elementor-top-column elementor-element elementor-element-590ff4a\" data-id=\"590ff4a\" data-element_type=\"column\" data-e-type=\"column\">\n\t\t\t<div class=\"elementor-widget-wrap elementor-element-populated\">\n\t\t\t\t\t\t<div class=\"elementor-element elementor-element-316e4d02 elementor-widget elementor-widget-elementskit-heading\" data-id=\"316e4d02\" data-element_type=\"widget\" data-e-type=\"widget\" data-widget_type=\"elementskit-heading.default\">\n\t\t\t\t<div class=\"elementor-widget-container\">\n\t\t\t\t\t<div class=\"ekit-wid-con\" ><div class=\"ekit-heading elementskit-section-title-wraper center   ekit_heading_tablet-   ekit_heading_mobile-\"><h2 class=\"ekit-heading--title elementskit-section-title \">Galer\u00eda<\/h2><div class=\"ekit_heading_separetor_wraper ekit_heading_elementskit-border-divider ekit-dotted\"><div class=\"elementskit-border-divider ekit-dotted\"><\/div><\/div>\t\t\t\t<div class='ekit-heading__description'>\n\t\t\t\t\t<p><span style=\"font-weight: 400\">Aqu\u00ed tienes algunas im\u00e1genes que representan un poco de nuestro trabajo. Cr\u00e9elo \u00a1Somos profesionales!<\/span><\/p>\n\t\t\t\t<\/div>\n\t\t\t<\/div><\/div>\t\t\t\t<\/div>\n\t\t\t\t<\/div>\n\t\t\t\t\t<\/div>\n\t\t<\/div>\n\t\t\t\t\t<\/div>\n\t\t<\/section>\n\t\t\t\t<section data-particle_enable=\"false\" data-particle-mobile-disabled=\"false\" class=\"elementor-section elementor-top-section elementor-element elementor-element-58f5447 elementor-section-boxed elementor-section-height-default elementor-section-height-default\" data-id=\"58f5447\" data-element_type=\"section\" data-e-type=\"section\">\n\t\t\t\t\t\t<div class=\"elementor-container elementor-column-gap-default\">\n\t\t\t\t\t<div class=\"elementor-column elementor-col-100 elementor-top-column elementor-element elementor-element-3ac2165\" data-id=\"3ac2165\" data-element_type=\"column\" data-e-type=\"column\">\n\t\t\t<div class=\"elementor-widget-wrap elementor-element-populated\">\n\t\t\t\t\t\t<div class=\"elementor-element elementor-element-b023688 gallery-spacing-custom elementor-widget elementor-widget-image-gallery\" data-id=\"b023688\" data-element_type=\"widget\" data-e-type=\"widget\" data-widget_type=\"image-gallery.default\">\n\t\t\t\t<div class=\"elementor-widget-container\">\n\t\t\t\t\t\t\t<div class=\"elementor-image-gallery\">\n\t\t\t<div id='gallery-1' class='gallery galleryid-252 gallery-columns-4 gallery-size-medium'><figure class='gallery-item'>\n\t\t\t<div class='gallery-icon landscape'>\n\t\t\t\t<a data-elementor-open-lightbox=\"yes\" data-elementor-lightbox-slideshow=\"b023688\" data-elementor-lightbox-title=\"3\" data-e-action-hash=\"#elementor-action%3Aaction%3Dlightbox%26settings%3DeyJpZCI6MjA1MiwidXJsIjoiaHR0cHM6XC9cL3RyYWR1Y2Npb25lc3llcy5jb21cL3dwLWNvbnRlbnRcL3VwbG9hZHNcLzMucG5nIiwic2xpZGVzaG93IjoiYjAyMzY4OCJ9\" href='https:\/\/traduccionesyes.com\/wp-content\/uploads\/3.png'><img fetchpriority=\"high\" decoding=\"async\" width=\"300\" height=\"300\" src=\"https:\/\/traduccionesyes.com\/wp-content\/uploads\/3-300x300.png\" class=\"attachment-medium size-medium\" alt=\"\" srcset=\"https:\/\/traduccionesyes.com\/wp-content\/uploads\/3-300x300.png 300w, https:\/\/traduccionesyes.com\/wp-content\/uploads\/3-150x150.png 150w, https:\/\/traduccionesyes.com\/wp-content\/uploads\/3-768x768.png 768w, https:\/\/traduccionesyes.com\/wp-content\/uploads\/3-1536x1536.png 1536w\" sizes=\"(max-width: 300px) 100vw, 300px\" \/><\/a>\n\t\t\t<\/div><\/figure><figure class='gallery-item'>\n\t\t\t<div class='gallery-icon landscape'>\n\t\t\t\t<a data-elementor-open-lightbox=\"yes\" data-elementor-lightbox-slideshow=\"b023688\" data-elementor-lightbox-title=\"1\" data-e-action-hash=\"#elementor-action%3Aaction%3Dlightbox%26settings%3DeyJpZCI6MjA1MCwidXJsIjoiaHR0cHM6XC9cL3RyYWR1Y2Npb25lc3llcy5jb21cL3dwLWNvbnRlbnRcL3VwbG9hZHNcLzEucG5nIiwic2xpZGVzaG93IjoiYjAyMzY4OCJ9\" href='https:\/\/traduccionesyes.com\/wp-content\/uploads\/1.png'><img decoding=\"async\" width=\"300\" height=\"300\" src=\"https:\/\/traduccionesyes.com\/wp-content\/uploads\/1-300x300.png\" class=\"attachment-medium size-medium\" alt=\"\" srcset=\"https:\/\/traduccionesyes.com\/wp-content\/uploads\/1-300x300.png 300w, https:\/\/traduccionesyes.com\/wp-content\/uploads\/1-150x150.png 150w, https:\/\/traduccionesyes.com\/wp-content\/uploads\/1-768x768.png 768w, https:\/\/traduccionesyes.com\/wp-content\/uploads\/1-1536x1536.png 1536w\" sizes=\"(max-width: 300px) 100vw, 300px\" \/><\/a>\n\t\t\t<\/div><\/figure><figure class='gallery-item'>\n\t\t\t<div class='gallery-icon landscape'>\n\t\t\t\t<a data-elementor-open-lightbox=\"yes\" data-elementor-lightbox-slideshow=\"b023688\" data-elementor-lightbox-title=\"4\" data-e-action-hash=\"#elementor-action%3Aaction%3Dlightbox%26settings%3DeyJpZCI6MjA1MywidXJsIjoiaHR0cHM6XC9cL3RyYWR1Y2Npb25lc3llcy5jb21cL3dwLWNvbnRlbnRcL3VwbG9hZHNcLzQucG5nIiwic2xpZGVzaG93IjoiYjAyMzY4OCJ9\" href='https:\/\/traduccionesyes.com\/wp-content\/uploads\/4.png'><img decoding=\"async\" width=\"300\" height=\"300\" src=\"https:\/\/traduccionesyes.com\/wp-content\/uploads\/4-300x300.png\" class=\"attachment-medium size-medium\" alt=\"\" srcset=\"https:\/\/traduccionesyes.com\/wp-content\/uploads\/4-300x300.png 300w, https:\/\/traduccionesyes.com\/wp-content\/uploads\/4-150x150.png 150w, https:\/\/traduccionesyes.com\/wp-content\/uploads\/4-768x768.png 768w, https:\/\/traduccionesyes.com\/wp-content\/uploads\/4-1536x1536.png 1536w, https:\/\/traduccionesyes.com\/wp-content\/uploads\/4-2048x2048.png 2048w, https:\/\/traduccionesyes.com\/wp-content\/uploads\/4-12x12.png 12w\" sizes=\"(max-width: 300px) 100vw, 300px\" \/><\/a>\n\t\t\t<\/div><\/figure><figure class='gallery-item'>\n\t\t\t<div class='gallery-icon landscape'>\n\t\t\t\t<a data-elementor-open-lightbox=\"yes\" data-elementor-lightbox-slideshow=\"b023688\" data-elementor-lightbox-title=\"2\" data-e-action-hash=\"#elementor-action%3Aaction%3Dlightbox%26settings%3DeyJpZCI6MjA1MSwidXJsIjoiaHR0cHM6XC9cL3RyYWR1Y2Npb25lc3llcy5jb21cL3dwLWNvbnRlbnRcL3VwbG9hZHNcLzIucG5nIiwic2xpZGVzaG93IjoiYjAyMzY4OCJ9\" href='https:\/\/traduccionesyes.com\/wp-content\/uploads\/2.png'><img loading=\"lazy\" decoding=\"async\" width=\"300\" height=\"300\" src=\"https:\/\/traduccionesyes.com\/wp-content\/uploads\/2-300x300.png\" class=\"attachment-medium size-medium\" alt=\"\" srcset=\"https:\/\/traduccionesyes.com\/wp-content\/uploads\/2-300x300.png 300w, https:\/\/traduccionesyes.com\/wp-content\/uploads\/2-150x150.png 150w, https:\/\/traduccionesyes.com\/wp-content\/uploads\/2-768x768.png 768w, https:\/\/traduccionesyes.com\/wp-content\/uploads\/2-1536x1536.png 1536w, https:\/\/traduccionesyes.com\/wp-content\/uploads\/2-2048x2048.png 2048w, https:\/\/traduccionesyes.com\/wp-content\/uploads\/2-12x12.png 12w\" sizes=\"(max-width: 300px) 100vw, 300px\" \/><\/a>\n\t\t\t<\/div><\/figure><figure class='gallery-item'>\n\t\t\t<div class='gallery-icon landscape'>\n\t\t\t\t<a data-elementor-open-lightbox=\"yes\" data-elementor-lightbox-slideshow=\"b023688\" data-elementor-lightbox-title=\"1\" data-e-action-hash=\"#elementor-action%3Aaction%3Dlightbox%26settings%3DeyJpZCI6MjA5NSwidXJsIjoiaHR0cHM6XC9cL3RyYWR1Y2Npb25lc3llcy5jb21cL3dwLWNvbnRlbnRcL3VwbG9hZHNcLzEtMS5qcGciLCJzbGlkZXNob3ciOiJiMDIzNjg4In0%3D\" href='https:\/\/traduccionesyes.com\/wp-content\/uploads\/1-1.jpg'><img loading=\"lazy\" decoding=\"async\" width=\"300\" height=\"300\" src=\"https:\/\/traduccionesyes.com\/wp-content\/uploads\/1-1-300x300.jpg\" class=\"attachment-medium size-medium\" alt=\"\" srcset=\"https:\/\/traduccionesyes.com\/wp-content\/uploads\/1-1-300x300.jpg 300w, https:\/\/traduccionesyes.com\/wp-content\/uploads\/1-1-150x150.jpg 150w, https:\/\/traduccionesyes.com\/wp-content\/uploads\/1-1-768x768.jpg 768w, https:\/\/traduccionesyes.com\/wp-content\/uploads\/1-1-1536x1536.jpg 1536w, https:\/\/traduccionesyes.com\/wp-content\/uploads\/1-1-2048x2048.jpg 2048w, https:\/\/traduccionesyes.com\/wp-content\/uploads\/1-1-12x12.jpg 12w\" sizes=\"(max-width: 300px) 100vw, 300px\" \/><\/a>\n\t\t\t<\/div><\/figure><figure class='gallery-item'>\n\t\t\t<div class='gallery-icon landscape'>\n\t\t\t\t<a data-elementor-open-lightbox=\"yes\" data-elementor-lightbox-slideshow=\"b023688\" data-elementor-lightbox-title=\"2\" data-e-action-hash=\"#elementor-action%3Aaction%3Dlightbox%26settings%3DeyJpZCI6MjA5NiwidXJsIjoiaHR0cHM6XC9cL3RyYWR1Y2Npb25lc3llcy5jb21cL3dwLWNvbnRlbnRcL3VwbG9hZHNcLzItMS5qcGciLCJzbGlkZXNob3ciOiJiMDIzNjg4In0%3D\" href='https:\/\/traduccionesyes.com\/wp-content\/uploads\/2-1.jpg'><img loading=\"lazy\" decoding=\"async\" width=\"300\" height=\"300\" src=\"https:\/\/traduccionesyes.com\/wp-content\/uploads\/2-1-300x300.jpg\" class=\"attachment-medium size-medium\" alt=\"\" srcset=\"https:\/\/traduccionesyes.com\/wp-content\/uploads\/2-1-300x300.jpg 300w, https:\/\/traduccionesyes.com\/wp-content\/uploads\/2-1-150x150.jpg 150w, https:\/\/traduccionesyes.com\/wp-content\/uploads\/2-1-768x768.jpg 768w, https:\/\/traduccionesyes.com\/wp-content\/uploads\/2-1-1536x1536.jpg 1536w, https:\/\/traduccionesyes.com\/wp-content\/uploads\/2-1-2048x2048.jpg 2048w, https:\/\/traduccionesyes.com\/wp-content\/uploads\/2-1-12x12.jpg 12w\" sizes=\"(max-width: 300px) 100vw, 300px\" \/><\/a>\n\t\t\t<\/div><\/figure><figure class='gallery-item'>\n\t\t\t<div class='gallery-icon landscape'>\n\t\t\t\t<a data-elementor-open-lightbox=\"yes\" data-elementor-lightbox-slideshow=\"b023688\" data-elementor-lightbox-title=\"3\" data-e-action-hash=\"#elementor-action%3Aaction%3Dlightbox%26settings%3DeyJpZCI6MjA5NywidXJsIjoiaHR0cHM6XC9cL3RyYWR1Y2Npb25lc3llcy5jb21cL3dwLWNvbnRlbnRcL3VwbG9hZHNcLzMtMS5qcGciLCJzbGlkZXNob3ciOiJiMDIzNjg4In0%3D\" href='https:\/\/traduccionesyes.com\/wp-content\/uploads\/3-1.jpg'><img loading=\"lazy\" decoding=\"async\" width=\"300\" height=\"300\" src=\"https:\/\/traduccionesyes.com\/wp-content\/uploads\/3-1-300x300.jpg\" class=\"attachment-medium size-medium\" alt=\"\" srcset=\"https:\/\/traduccionesyes.com\/wp-content\/uploads\/3-1-300x300.jpg 300w, https:\/\/traduccionesyes.com\/wp-content\/uploads\/3-1-150x150.jpg 150w, https:\/\/traduccionesyes.com\/wp-content\/uploads\/3-1-768x768.jpg 768w, https:\/\/traduccionesyes.com\/wp-content\/uploads\/3-1-1536x1536.jpg 1536w, https:\/\/traduccionesyes.com\/wp-content\/uploads\/3-1-2048x2048.jpg 2048w, https:\/\/traduccionesyes.com\/wp-content\/uploads\/3-1-12x12.jpg 12w\" sizes=\"(max-width: 300px) 100vw, 300px\" \/><\/a>\n\t\t\t<\/div><\/figure><figure class='gallery-item'>\n\t\t\t<div class='gallery-icon landscape'>\n\t\t\t\t<a data-elementor-open-lightbox=\"yes\" data-elementor-lightbox-slideshow=\"b023688\" data-elementor-lightbox-title=\"4\" data-e-action-hash=\"#elementor-action%3Aaction%3Dlightbox%26settings%3DeyJpZCI6MjA5OCwidXJsIjoiaHR0cHM6XC9cL3RyYWR1Y2Npb25lc3llcy5jb21cL3dwLWNvbnRlbnRcL3VwbG9hZHNcLzQtMS5qcGciLCJzbGlkZXNob3ciOiJiMDIzNjg4In0%3D\" href='https:\/\/traduccionesyes.com\/wp-content\/uploads\/4-1.jpg'><img loading=\"lazy\" decoding=\"async\" width=\"300\" height=\"300\" src=\"https:\/\/traduccionesyes.com\/wp-content\/uploads\/4-1-300x300.jpg\" class=\"attachment-medium size-medium\" alt=\"\" srcset=\"https:\/\/traduccionesyes.com\/wp-content\/uploads\/4-1-300x300.jpg 300w, https:\/\/traduccionesyes.com\/wp-content\/uploads\/4-1-150x150.jpg 150w, https:\/\/traduccionesyes.com\/wp-content\/uploads\/4-1-768x768.jpg 768w, https:\/\/traduccionesyes.com\/wp-content\/uploads\/4-1-1536x1536.jpg 1536w, https:\/\/traduccionesyes.com\/wp-content\/uploads\/4-1-2048x2048.jpg 2048w, https:\/\/traduccionesyes.com\/wp-content\/uploads\/4-1-12x12.jpg 12w\" sizes=\"(max-width: 300px) 100vw, 300px\" \/><\/a>\n\t\t\t<\/div><\/figure><figure class='gallery-item'>\n\t\t\t<div class='gallery-icon landscape'>\n\t\t\t\t<a data-elementor-open-lightbox=\"yes\" data-elementor-lightbox-slideshow=\"b023688\" data-elementor-lightbox-title=\"5\" data-e-action-hash=\"#elementor-action%3Aaction%3Dlightbox%26settings%3DeyJpZCI6MjA5OSwidXJsIjoiaHR0cHM6XC9cL3RyYWR1Y2Npb25lc3llcy5jb21cL3dwLWNvbnRlbnRcL3VwbG9hZHNcLzUuanBnIiwic2xpZGVzaG93IjoiYjAyMzY4OCJ9\" href='https:\/\/traduccionesyes.com\/wp-content\/uploads\/5.jpg'><img loading=\"lazy\" decoding=\"async\" width=\"300\" height=\"300\" src=\"https:\/\/traduccionesyes.com\/wp-content\/uploads\/5-300x300.jpg\" class=\"attachment-medium size-medium\" alt=\"\" srcset=\"https:\/\/traduccionesyes.com\/wp-content\/uploads\/5-300x300.jpg 300w, https:\/\/traduccionesyes.com\/wp-content\/uploads\/5-150x150.jpg 150w, https:\/\/traduccionesyes.com\/wp-content\/uploads\/5-768x768.jpg 768w, https:\/\/traduccionesyes.com\/wp-content\/uploads\/5-1536x1536.jpg 1536w, https:\/\/traduccionesyes.com\/wp-content\/uploads\/5-2048x2048.jpg 2048w, https:\/\/traduccionesyes.com\/wp-content\/uploads\/5-12x12.jpg 12w\" sizes=\"(max-width: 300px) 100vw, 300px\" \/><\/a>\n\t\t\t<\/div><\/figure><figure class='gallery-item'>\n\t\t\t<div class='gallery-icon landscape'>\n\t\t\t\t<a data-elementor-open-lightbox=\"yes\" data-elementor-lightbox-slideshow=\"b023688\" data-elementor-lightbox-title=\"6\" data-e-action-hash=\"#elementor-action%3Aaction%3Dlightbox%26settings%3DeyJpZCI6MjEwMCwidXJsIjoiaHR0cHM6XC9cL3RyYWR1Y2Npb25lc3llcy5jb21cL3dwLWNvbnRlbnRcL3VwbG9hZHNcLzYuanBnIiwic2xpZGVzaG93IjoiYjAyMzY4OCJ9\" href='https:\/\/traduccionesyes.com\/wp-content\/uploads\/6.jpg'><img loading=\"lazy\" decoding=\"async\" width=\"300\" height=\"300\" src=\"https:\/\/traduccionesyes.com\/wp-content\/uploads\/6-300x300.jpg\" class=\"attachment-medium size-medium\" alt=\"\" srcset=\"https:\/\/traduccionesyes.com\/wp-content\/uploads\/6-300x300.jpg 300w, https:\/\/traduccionesyes.com\/wp-content\/uploads\/6-150x150.jpg 150w, https:\/\/traduccionesyes.com\/wp-content\/uploads\/6-768x768.jpg 768w, https:\/\/traduccionesyes.com\/wp-content\/uploads\/6-1536x1536.jpg 1536w, https:\/\/traduccionesyes.com\/wp-content\/uploads\/6-2048x2048.jpg 2048w, https:\/\/traduccionesyes.com\/wp-content\/uploads\/6-12x12.jpg 12w\" sizes=\"(max-width: 300px) 100vw, 300px\" \/><\/a>\n\t\t\t<\/div><\/figure><figure class='gallery-item'>\n\t\t\t<div class='gallery-icon landscape'>\n\t\t\t\t<a data-elementor-open-lightbox=\"yes\" data-elementor-lightbox-slideshow=\"b023688\" data-elementor-lightbox-title=\"7\" data-e-action-hash=\"#elementor-action%3Aaction%3Dlightbox%26settings%3DeyJpZCI6MjEwMSwidXJsIjoiaHR0cHM6XC9cL3RyYWR1Y2Npb25lc3llcy5jb21cL3dwLWNvbnRlbnRcL3VwbG9hZHNcLzcuanBnIiwic2xpZGVzaG93IjoiYjAyMzY4OCJ9\" href='https:\/\/traduccionesyes.com\/wp-content\/uploads\/7.jpg'><img loading=\"lazy\" decoding=\"async\" width=\"300\" height=\"300\" src=\"https:\/\/traduccionesyes.com\/wp-content\/uploads\/7-300x300.jpg\" class=\"attachment-medium size-medium\" alt=\"\" srcset=\"https:\/\/traduccionesyes.com\/wp-content\/uploads\/7-300x300.jpg 300w, https:\/\/traduccionesyes.com\/wp-content\/uploads\/7-150x150.jpg 150w, https:\/\/traduccionesyes.com\/wp-content\/uploads\/7-768x768.jpg 768w, https:\/\/traduccionesyes.com\/wp-content\/uploads\/7-1536x1536.jpg 1536w, https:\/\/traduccionesyes.com\/wp-content\/uploads\/7-2048x2048.jpg 2048w, https:\/\/traduccionesyes.com\/wp-content\/uploads\/7-12x12.jpg 12w\" sizes=\"(max-width: 300px) 100vw, 300px\" \/><\/a>\n\t\t\t<\/div><\/figure><figure class='gallery-item'>\n\t\t\t<div class='gallery-icon landscape'>\n\t\t\t\t<a data-elementor-open-lightbox=\"yes\" data-elementor-lightbox-slideshow=\"b023688\" data-elementor-lightbox-title=\"8\" data-e-action-hash=\"#elementor-action%3Aaction%3Dlightbox%26settings%3DeyJpZCI6MjEwMiwidXJsIjoiaHR0cHM6XC9cL3RyYWR1Y2Npb25lc3llcy5jb21cL3dwLWNvbnRlbnRcL3VwbG9hZHNcLzguanBnIiwic2xpZGVzaG93IjoiYjAyMzY4OCJ9\" href='https:\/\/traduccionesyes.com\/wp-content\/uploads\/8.jpg'><img loading=\"lazy\" decoding=\"async\" width=\"300\" height=\"300\" src=\"https:\/\/traduccionesyes.com\/wp-content\/uploads\/8-300x300.jpg\" class=\"attachment-medium size-medium\" alt=\"\" srcset=\"https:\/\/traduccionesyes.com\/wp-content\/uploads\/8-300x300.jpg 300w, https:\/\/traduccionesyes.com\/wp-content\/uploads\/8-150x150.jpg 150w, https:\/\/traduccionesyes.com\/wp-content\/uploads\/8-768x768.jpg 768w, https:\/\/traduccionesyes.com\/wp-content\/uploads\/8-1536x1536.jpg 1536w, https:\/\/traduccionesyes.com\/wp-content\/uploads\/8-2048x2048.jpg 2048w, https:\/\/traduccionesyes.com\/wp-content\/uploads\/8-12x12.jpg 12w\" sizes=\"(max-width: 300px) 100vw, 300px\" \/><\/a>\n\t\t\t<\/div><\/figure>\n\t\t<\/div>\n\t\t<\/div>\n\t\t\t\t\t\t<\/div>\n\t\t\t\t<\/div>\n\t\t\t\t\t<\/div>\n\t\t<\/div>\n\t\t\t\t\t<\/div>\n\t\t<\/section>\n\t\t\t\t<\/div>\n\t\t","protected":false},"excerpt":{"rendered":"<p>Galer\u00eda Aqu\u00ed tienes algunas im\u00e1genes que representan un poco de nuestro trabajo. Cr\u00e9elo \u00a1Somos profesionales!<\/p>","protected":false},"author":1,"featured_media":0,"parent":0,"menu_order":0,"comment_status":"closed","ping_status":"closed","template":"elementor_header_footer","meta":{"footnotes":""},"class_list":["post-252","page","type-page","status-publish","hentry"],"yoast_head":"<!-- This site is optimized with the Yoast SEO plugin v27.3 - https:\/\/yoast.com\/product\/yoast-seo-wordpress\/ -->\n<title>Galeria - Yes.Oui.Si<\/title>\n<meta name=\"robots\" content=\"index, follow, max-snippet:-1, max-image-preview:large, max-video-preview:-1\" \/>\n<link rel=\"canonical\" href=\"https:\/\/traduccionesyes.com\/en_us\/galeria\/\" \/>\n<meta property=\"og:locale\" content=\"en_US\" \/>\n<meta property=\"og:type\" content=\"article\" \/>\n<meta property=\"og:title\" content=\"Galeria - Yes.Oui.Si\" \/>\n<meta property=\"og:description\" content=\"Galer\u00eda Aqu\u00ed tienes algunas im\u00e1genes que representan un poco de nuestro trabajo. Cr\u00e9elo \u00a1Somos profesionales!\" \/>\n<meta property=\"og:url\" content=\"https:\/\/traduccionesyes.com\/en_us\/galeria\/\" \/>\n<meta property=\"og:site_name\" content=\"Yes.Oui.Si\" \/>\n<meta property=\"article:modified_time\" content=\"2023-09-19T21:00:07+00:00\" \/>\n<meta property=\"og:image\" content=\"https:\/\/traduccionesyes.com\/wp-content\/uploads\/3-300x300.png\" \/>\n<meta name=\"twitter:card\" content=\"summary_large_image\" \/>\n<script type=\"application\/ld+json\" class=\"yoast-schema-graph\">{\"@context\":\"https:\\\/\\\/schema.org\",\"@graph\":[{\"@type\":\"WebPage\",\"@id\":\"https:\\\/\\\/traduccionesyes.com\\\/galeria\\\/\",\"url\":\"https:\\\/\\\/traduccionesyes.com\\\/galeria\\\/\",\"name\":\"Galeria - Yes.Oui.Si\",\"isPartOf\":{\"@id\":\"https:\\\/\\\/traduccionesyes.com\\\/#website\"},\"primaryImageOfPage\":{\"@id\":\"https:\\\/\\\/traduccionesyes.com\\\/galeria\\\/#primaryimage\"},\"image\":{\"@id\":\"https:\\\/\\\/traduccionesyes.com\\\/galeria\\\/#primaryimage\"},\"thumbnailUrl\":\"https:\\\/\\\/traduccionesyes.com\\\/wp-content\\\/uploads\\\/3-300x300.png\",\"datePublished\":\"2021-08-16T13:59:08+00:00\",\"dateModified\":\"2023-09-19T21:00:07+00:00\",\"breadcrumb\":{\"@id\":\"https:\\\/\\\/traduccionesyes.com\\\/galeria\\\/#breadcrumb\"},\"inLanguage\":\"en-US\",\"potentialAction\":[{\"@type\":\"ReadAction\",\"target\":[\"https:\\\/\\\/traduccionesyes.com\\\/galeria\\\/\"]}]},{\"@type\":\"ImageObject\",\"inLanguage\":\"en-US\",\"@id\":\"https:\\\/\\\/traduccionesyes.com\\\/galeria\\\/#primaryimage\",\"url\":\"https:\\\/\\\/traduccionesyes.com\\\/wp-content\\\/uploads\\\/3-300x300.png\",\"contentUrl\":\"https:\\\/\\\/traduccionesyes.com\\\/wp-content\\\/uploads\\\/3-300x300.png\"},{\"@type\":\"BreadcrumbList\",\"@id\":\"https:\\\/\\\/traduccionesyes.com\\\/galeria\\\/#breadcrumb\",\"itemListElement\":[{\"@type\":\"ListItem\",\"position\":1,\"name\":\"Portada\",\"item\":\"https:\\\/\\\/traduccionesyes.com\\\/\"},{\"@type\":\"ListItem\",\"position\":2,\"name\":\"Galeria\"}]},{\"@type\":\"WebSite\",\"@id\":\"https:\\\/\\\/traduccionesyes.com\\\/#website\",\"url\":\"https:\\\/\\\/traduccionesyes.com\\\/\",\"name\":\"Yes.Oui.Si\",\"description\":\"Traducci\u00f3n Simultanea\",\"publisher\":{\"@id\":\"https:\\\/\\\/traduccionesyes.com\\\/#organization\"},\"potentialAction\":[{\"@type\":\"SearchAction\",\"target\":{\"@type\":\"EntryPoint\",\"urlTemplate\":\"https:\\\/\\\/traduccionesyes.com\\\/?s={search_term_string}\"},\"query-input\":{\"@type\":\"PropertyValueSpecification\",\"valueRequired\":true,\"valueName\":\"search_term_string\"}}],\"inLanguage\":\"en-US\"},{\"@type\":\"Organization\",\"@id\":\"https:\\\/\\\/traduccionesyes.com\\\/#organization\",\"name\":\"Yes.Oui.Si\",\"url\":\"https:\\\/\\\/traduccionesyes.com\\\/\",\"logo\":{\"@type\":\"ImageObject\",\"inLanguage\":\"en-US\",\"@id\":\"https:\\\/\\\/traduccionesyes.com\\\/#\\\/schema\\\/logo\\\/image\\\/\",\"url\":\"https:\\\/\\\/traduccionesyes.com\\\/wp-content\\\/uploads\\\/2021\\\/08\\\/YESOUISI-logo.jpg\",\"contentUrl\":\"https:\\\/\\\/traduccionesyes.com\\\/wp-content\\\/uploads\\\/2021\\\/08\\\/YESOUISI-logo.jpg\",\"width\":672,\"height\":594,\"caption\":\"Yes.Oui.Si\"},\"image\":{\"@id\":\"https:\\\/\\\/traduccionesyes.com\\\/#\\\/schema\\\/logo\\\/image\\\/\"}}]}<\/script>\n<!-- \/ Yoast SEO plugin. -->","yoast_head_json":{"title":"Galeria - Yes.Oui.Si","robots":{"index":"index","follow":"follow","max-snippet":"max-snippet:-1","max-image-preview":"max-image-preview:large","max-video-preview":"max-video-preview:-1"},"canonical":"https:\/\/traduccionesyes.com\/en_us\/galeria\/","og_locale":"en_US","og_type":"article","og_title":"Galeria - Yes.Oui.Si","og_description":"Galer\u00eda Aqu\u00ed tienes algunas im\u00e1genes que representan un poco de nuestro trabajo. Cr\u00e9elo \u00a1Somos profesionales!","og_url":"https:\/\/traduccionesyes.com\/en_us\/galeria\/","og_site_name":"Yes.Oui.Si","article_modified_time":"2023-09-19T21:00:07+00:00","og_image":[{"url":"https:\/\/traduccionesyes.com\/wp-content\/uploads\/3-300x300.png","type":"","width":"","height":""}],"twitter_card":"summary_large_image","schema":{"@context":"https:\/\/schema.org","@graph":[{"@type":"WebPage","@id":"https:\/\/traduccionesyes.com\/galeria\/","url":"https:\/\/traduccionesyes.com\/galeria\/","name":"Galeria - Yes.Oui.Si","isPartOf":{"@id":"https:\/\/traduccionesyes.com\/#website"},"primaryImageOfPage":{"@id":"https:\/\/traduccionesyes.com\/galeria\/#primaryimage"},"image":{"@id":"https:\/\/traduccionesyes.com\/galeria\/#primaryimage"},"thumbnailUrl":"https:\/\/traduccionesyes.com\/wp-content\/uploads\/3-300x300.png","datePublished":"2021-08-16T13:59:08+00:00","dateModified":"2023-09-19T21:00:07+00:00","breadcrumb":{"@id":"https:\/\/traduccionesyes.com\/galeria\/#breadcrumb"},"inLanguage":"en-US","potentialAction":[{"@type":"ReadAction","target":["https:\/\/traduccionesyes.com\/galeria\/"]}]},{"@type":"ImageObject","inLanguage":"en-US","@id":"https:\/\/traduccionesyes.com\/galeria\/#primaryimage","url":"https:\/\/traduccionesyes.com\/wp-content\/uploads\/3-300x300.png","contentUrl":"https:\/\/traduccionesyes.com\/wp-content\/uploads\/3-300x300.png"},{"@type":"BreadcrumbList","@id":"https:\/\/traduccionesyes.com\/galeria\/#breadcrumb","itemListElement":[{"@type":"ListItem","position":1,"name":"Portada","item":"https:\/\/traduccionesyes.com\/"},{"@type":"ListItem","position":2,"name":"Galeria"}]},{"@type":"WebSite","@id":"https:\/\/traduccionesyes.com\/#website","url":"https:\/\/traduccionesyes.com\/","name":"Yes.Oui.Si","description":"Traducci\u00f3n Simultanea","publisher":{"@id":"https:\/\/traduccionesyes.com\/#organization"},"potentialAction":[{"@type":"SearchAction","target":{"@type":"EntryPoint","urlTemplate":"https:\/\/traduccionesyes.com\/?s={search_term_string}"},"query-input":{"@type":"PropertyValueSpecification","valueRequired":true,"valueName":"search_term_string"}}],"inLanguage":"en-US"},{"@type":"Organization","@id":"https:\/\/traduccionesyes.com\/#organization","name":"Yes.Oui.Si","url":"https:\/\/traduccionesyes.com\/","logo":{"@type":"ImageObject","inLanguage":"en-US","@id":"https:\/\/traduccionesyes.com\/#\/schema\/logo\/image\/","url":"https:\/\/traduccionesyes.com\/wp-content\/uploads\/2021\/08\/YESOUISI-logo.jpg","contentUrl":"https:\/\/traduccionesyes.com\/wp-content\/uploads\/2021\/08\/YESOUISI-logo.jpg","width":672,"height":594,"caption":"Yes.Oui.Si"},"image":{"@id":"https:\/\/traduccionesyes.com\/#\/schema\/logo\/image\/"}}]}},"_links":{"self":[{"href":"https:\/\/traduccionesyes.com\/en_us\/wp-json\/wp\/v2\/pages\/252","targetHints":{"allow":["GET"]}}],"collection":[{"href":"https:\/\/traduccionesyes.com\/en_us\/wp-json\/wp\/v2\/pages"}],"about":[{"href":"https:\/\/traduccionesyes.com\/en_us\/wp-json\/wp\/v2\/types\/page"}],"author":[{"embeddable":true,"href":"https:\/\/traduccionesyes.com\/en_us\/wp-json\/wp\/v2\/users\/1"}],"replies":[{"embeddable":true,"href":"https:\/\/traduccionesyes.com\/en_us\/wp-json\/wp\/v2\/comments?post=252"}],"version-history":[{"count":109,"href":"https:\/\/traduccionesyes.com\/en_us\/wp-json\/wp\/v2\/pages\/252\/revisions"}],"predecessor-version":[{"id":2105,"href":"https:\/\/traduccionesyes.com\/en_us\/wp-json\/wp\/v2\/pages\/252\/revisions\/2105"}],"wp:attachment":[{"href":"https:\/\/traduccionesyes.com\/en_us\/wp-json\/wp\/v2\/media?parent=252"}],"curies":[{"name":"wp","href":"https:\/\/api.w.org\/{rel}","templated":true}]}}