{"id":268,"date":"2021-08-16T14:20:57","date_gmt":"2021-08-16T14:20:57","guid":{"rendered":"https:\/\/traduccionestemporal.s-bermudez.com\/?page_id=268"},"modified":"2021-11-11T03:44:58","modified_gmt":"2021-11-11T03:44:58","slug":"solicitar-servicio","status":"publish","type":"page","link":"https:\/\/traduccionesyes.com\/en_us\/solicitar-servicio\/","title":{"rendered":"Payment service"},"content":{"rendered":"\t\t<div data-elementor-type=\"wp-page\" data-elementor-id=\"268\" class=\"elementor elementor-268\">\n\t\t\t\t\t\t<section data-particle_enable=\"false\" data-particle-mobile-disabled=\"false\" class=\"elementor-section elementor-top-section elementor-element elementor-element-4bfff65 elementor-section-boxed elementor-section-height-default elementor-section-height-default\" data-id=\"4bfff65\" data-element_type=\"section\" data-e-type=\"section\" data-settings=\"{&quot;background_background&quot;:&quot;slideshow&quot;,&quot;background_slideshow_gallery&quot;:[{&quot;id&quot;:345,&quot;url&quot;:&quot;https:\\\/\\\/traduccionesyes.com\\\/wp-content\\\/uploads\\\/2021\\\/09\\\/Hero2_opt.jpg&quot;},{&quot;id&quot;:346,&quot;url&quot;:&quot;https:\\\/\\\/traduccionesyes.com\\\/wp-content\\\/uploads\\\/2021\\\/09\\\/Hero3_opt.jpg&quot;},{&quot;id&quot;:344,&quot;url&quot;:&quot;https:\\\/\\\/traduccionesyes.com\\\/wp-content\\\/uploads\\\/2021\\\/09\\\/Hero1_opt.jpg&quot;}],&quot;background_slideshow_loop&quot;:&quot;yes&quot;,&quot;background_slideshow_slide_duration&quot;:5000,&quot;background_slideshow_slide_transition&quot;:&quot;fade&quot;,&quot;background_slideshow_transition_duration&quot;:500}\">\n\t\t\t\t\t\t\t<div class=\"elementor-background-overlay\"><\/div>\n\t\t\t\t\t\t\t<div class=\"elementor-container elementor-column-gap-default\">\n\t\t\t\t\t<div class=\"elementor-column elementor-col-100 elementor-top-column elementor-element elementor-element-c891323\" data-id=\"c891323\" data-element_type=\"column\" data-e-type=\"column\">\n\t\t\t<div class=\"elementor-widget-wrap elementor-element-populated\">\n\t\t\t\t\t\t<div class=\"elementor-element elementor-element-43d58d5e elementor-widget elementor-widget-elementskit-heading\" data-id=\"43d58d5e\" data-element_type=\"widget\" data-e-type=\"widget\" data-widget_type=\"elementskit-heading.default\">\n\t\t\t\t<div class=\"elementor-widget-container\">\n\t\t\t\t\t<div class=\"ekit-wid-con\" ><div class=\"ekit-heading elementskit-section-title-wraper center   ekit_heading_tablet-   ekit_heading_mobile-\"><h2 class=\"ekit-heading--title elementskit-section-title \">\u00a1Contr\u00e1tanos ahora!<\/h2><div class=\"ekit_heading_separetor_wraper ekit_heading_elementskit-border-divider ekit-dotted\"><div class=\"elementskit-border-divider ekit-dotted\"><\/div><\/div>\t\t\t\t<div class='ekit-heading__description'>\n\t\t\t\t\t<p><span style=\"font-weight: 400\">\u00a1Estamos para servirte! Pago de servicios contratados<\/span><\/p>\n\t\t\t\t<\/div>\n\t\t\t<\/div><\/div>\t\t\t\t<\/div>\n\t\t\t\t<\/div>\n\t\t\t\t\t<\/div>\n\t\t<\/div>\n\t\t\t\t\t<\/div>\n\t\t<\/section>\n\t\t\t\t<section data-particle_enable=\"false\" data-particle-mobile-disabled=\"false\" class=\"elementor-section elementor-top-section elementor-element elementor-element-91c5b66 elementor-section-boxed elementor-section-height-default elementor-section-height-default\" data-id=\"91c5b66\" data-element_type=\"section\" data-e-type=\"section\">\n\t\t\t\t\t\t<div class=\"elementor-container elementor-column-gap-default\">\n\t\t\t\t\t<div class=\"elementor-column elementor-col-33 elementor-top-column elementor-element elementor-element-cc50068\" data-id=\"cc50068\" data-element_type=\"column\" data-e-type=\"column\">\n\t\t\t<div class=\"elementor-widget-wrap elementor-element-populated\">\n\t\t\t\t\t\t<div class=\"elementor-element elementor-element-a89c4fb ekit-equal-height-enable elementor-widget elementor-widget-elementskit-image-box\" data-id=\"a89c4fb\" data-element_type=\"widget\" data-e-type=\"widget\" data-widget_type=\"elementskit-image-box.default\">\n\t\t\t\t<div class=\"elementor-widget-container\">\n\t\t\t\t\t<div class=\"ekit-wid-con\" >\n            <div class=\"elementskit-info-image-box ekit-image-box text-center hover_from_right hover-border-bottom\" >\n\n                \n                <div class=\"elementskit-box-header image-box-img-center\">\n\n                    <img fetchpriority=\"high\" decoding=\"async\" width=\"1600\" height=\"1066\" src=\"https:\/\/traduccionesyes.com\/wp-content\/uploads\/2021\/09\/Hero3_opt.jpg\" class=\"attachment-full size-full wp-image-346\" alt=\"\" srcset=\"https:\/\/traduccionesyes.com\/wp-content\/uploads\/2021\/09\/Hero3_opt.jpg 1600w, https:\/\/traduccionesyes.com\/wp-content\/uploads\/2021\/09\/Hero3_opt-300x200.jpg 300w, https:\/\/traduccionesyes.com\/wp-content\/uploads\/2021\/09\/Hero3_opt-1024x682.jpg 1024w, https:\/\/traduccionesyes.com\/wp-content\/uploads\/2021\/09\/Hero3_opt-768x512.jpg 768w, https:\/\/traduccionesyes.com\/wp-content\/uploads\/2021\/09\/Hero3_opt-1536x1023.jpg 1536w\" sizes=\"(max-width: 1600px) 100vw, 1600px\" \/>\n                <\/div>\n                \n                <div class=\"elementskit-box-body ekit-image-box-body\">\n                    <div class=\"elementskit-box-content ekit-image-box-body-inner\">\n                                                <h3 class=\"elementskit-info-box-title\">\n\n                        Traducci\u00f3n\n                        \n                    <\/h3>\n                                                            <div class=\"elementskit-box-style-content\">\n                        Ofrecemos el servicio de traducci\u00f3n de documentos oficiales con sello de perito traductor, art\u00edculos cient\u00edficos, manuales t\u00e9cnicos, materiales publicitarios y de capacitaci\u00f3n, transcripci\u00f3n y traducci\u00f3n de audios y servicios de subtitulaje. Llevamos m\u00e1s de 1 mill\u00f3n de palabras traducidas.                    <\/div>\n                                    <\/div>\n\n                                <div class=\"elementskit-box-footer\">\n                    <div class=\"box-footer\">\n                        <div class=\"btn-wraper\">\n                                                            <a href=\"https:\/\/traduccionesyes.com\/asp-payment-box\/?product_id=510\" class=\"elementskit-btn whitespace--normal\">\n                                    Pagar ahora                                <\/a>\n                                                    <\/div>\n                    <\/div>\n                <\/div>\n                            <\/div>\n            <\/div>\n    <\/div>\t\t\t\t<\/div>\n\t\t\t\t<\/div>\n\t\t\t\t\t<\/div>\n\t\t<\/div>\n\t\t\t\t<div class=\"elementor-column elementor-col-33 elementor-top-column elementor-element elementor-element-78beb72\" data-id=\"78beb72\" data-element_type=\"column\" data-e-type=\"column\">\n\t\t\t<div class=\"elementor-widget-wrap elementor-element-populated\">\n\t\t\t\t\t\t<div class=\"elementor-element elementor-element-f78b443 ekit-equal-height-enable elementor-widget elementor-widget-elementskit-image-box\" data-id=\"f78b443\" data-element_type=\"widget\" data-e-type=\"widget\" data-widget_type=\"elementskit-image-box.default\">\n\t\t\t\t<div class=\"elementor-widget-container\">\n\t\t\t\t\t<div class=\"ekit-wid-con\" >\n            <div class=\"elementskit-info-image-box ekit-image-box text-center hover_from_right hover-border-bottom\" >\n\n                \n                <div class=\"elementskit-box-header image-box-img-center\">\n\n                    <img decoding=\"async\" width=\"1600\" height=\"1066\" src=\"https:\/\/traduccionesyes.com\/wp-content\/uploads\/2021\/09\/Hero2_opt.jpg\" class=\"attachment-full size-full wp-image-345\" alt=\"\" srcset=\"https:\/\/traduccionesyes.com\/wp-content\/uploads\/2021\/09\/Hero2_opt.jpg 1600w, https:\/\/traduccionesyes.com\/wp-content\/uploads\/2021\/09\/Hero2_opt-300x200.jpg 300w, https:\/\/traduccionesyes.com\/wp-content\/uploads\/2021\/09\/Hero2_opt-1024x682.jpg 1024w, https:\/\/traduccionesyes.com\/wp-content\/uploads\/2021\/09\/Hero2_opt-768x512.jpg 768w, https:\/\/traduccionesyes.com\/wp-content\/uploads\/2021\/09\/Hero2_opt-1536x1023.jpg 1536w\" sizes=\"(max-width: 1600px) 100vw, 1600px\" \/>\n                <\/div>\n                \n                <div class=\"elementskit-box-body ekit-image-box-body\">\n                    <div class=\"elementskit-box-content ekit-image-box-body-inner\">\n                                                <h3 class=\"elementskit-info-box-title\">\n\n                        Interpretaci\u00f3n\n                        \n                    <\/h3>\n                                                            <div class=\"elementskit-box-style-content\">\n                        Ofrecemos el servicio de interpretaci\u00f3n simult\u00e1nea presencial, remota e h\u00edbrida. Armamos el paquete de servicios de acuerdo con las necesidades espec\u00edficas de su evento.                    <\/div>\n                                    <\/div>\n\n                                <div class=\"elementskit-box-footer\">\n                    <div class=\"box-footer\">\n                        <div class=\"btn-wraper\">\n                                                            <a href=\"https:\/\/traduccionesyes.com\/asp-payment-box\/?product_id=508\" class=\"elementskit-btn whitespace--normal\">\n                                    Pagar ahora                                <\/a>\n                                                    <\/div>\n                    <\/div>\n                <\/div>\n                            <\/div>\n            <\/div>\n    <\/div>\t\t\t\t<\/div>\n\t\t\t\t<\/div>\n\t\t\t\t\t<\/div>\n\t\t<\/div>\n\t\t\t\t<div class=\"elementor-column elementor-col-33 elementor-top-column elementor-element elementor-element-9e7a2fb\" data-id=\"9e7a2fb\" data-element_type=\"column\" data-e-type=\"column\">\n\t\t\t<div class=\"elementor-widget-wrap elementor-element-populated\">\n\t\t\t\t\t\t<div class=\"elementor-element elementor-element-9e28f13 ekit-equal-height-enable elementor-widget elementor-widget-elementskit-image-box\" data-id=\"9e28f13\" data-element_type=\"widget\" data-e-type=\"widget\" data-widget_type=\"elementskit-image-box.default\">\n\t\t\t\t<div class=\"elementor-widget-container\">\n\t\t\t\t\t<div class=\"ekit-wid-con\" >\n            <div class=\"elementskit-info-image-box ekit-image-box text-center hover_from_right hover-border-bottom\" >\n\n                \n                <div class=\"elementskit-box-header image-box-img-center\">\n\n                    <img decoding=\"async\" width=\"1600\" height=\"1066\" src=\"https:\/\/traduccionesyes.com\/wp-content\/uploads\/2021\/09\/Hero1_opt.jpg\" class=\"attachment-full size-full wp-image-344\" alt=\"\" srcset=\"https:\/\/traduccionesyes.com\/wp-content\/uploads\/2021\/09\/Hero1_opt.jpg 1600w, https:\/\/traduccionesyes.com\/wp-content\/uploads\/2021\/09\/Hero1_opt-300x200.jpg 300w, https:\/\/traduccionesyes.com\/wp-content\/uploads\/2021\/09\/Hero1_opt-1024x682.jpg 1024w, https:\/\/traduccionesyes.com\/wp-content\/uploads\/2021\/09\/Hero1_opt-768x512.jpg 768w, https:\/\/traduccionesyes.com\/wp-content\/uploads\/2021\/09\/Hero1_opt-1536x1023.jpg 1536w\" sizes=\"(max-width: 1600px) 100vw, 1600px\" \/>\n                <\/div>\n                \n                <div class=\"elementskit-box-body ekit-image-box-body\">\n                    <div class=\"elementskit-box-content ekit-image-box-body-inner\">\n                                                <h3 class=\"elementskit-info-box-title\">\n\n                        Equipo\n                        \n                    <\/h3>\n                                                            <div class=\"elementskit-box-style-content\">\n                        Contamos con equipo de interpretaci\u00f3n simult\u00e1nea para ambientes de planta o campo, equipo para reuniones peque\u00f1as o eventos masivos en auditorios, equipo multicanal para salas simult\u00e1neas y con sistema relay para varios idiomas.                    <\/div>\n                                    <\/div>\n\n                                <div class=\"elementskit-box-footer\">\n                    <div class=\"box-footer\">\n                        <div class=\"btn-wraper\">\n                                                            <a href=\"https:\/\/traduccionesyes.com\/asp-payment-box\/?product_id=509\" class=\"elementskit-btn whitespace--normal\">\n                                    Pagar ahora                                <\/a>\n                                                    <\/div>\n                    <\/div>\n                <\/div>\n                            <\/div>\n            <\/div>\n    <\/div>\t\t\t\t<\/div>\n\t\t\t\t<\/div>\n\t\t\t\t\t<\/div>\n\t\t<\/div>\n\t\t\t\t\t<\/div>\n\t\t<\/section>\n\t\t\t\t<\/div>\n\t\t","protected":false},"excerpt":{"rendered":"<p>\u00a1Contr\u00e1tanos ahora! \u00a1Estamos para servirte! Pago de servicios contratados Traducci\u00f3n Ofrecemos el servicio de traducci\u00f3n de documentos oficiales con sello de perito traductor, art\u00edculos cient\u00edficos, manuales t\u00e9cnicos, materiales publicitarios y de capacitaci\u00f3n, transcripci\u00f3n y traducci\u00f3n de audios y servicios de subtitulaje. Llevamos m\u00e1s de 1 mill\u00f3n de palabras traducidas. Pagar ahora Interpretaci\u00f3n Ofrecemos el servicio [&hellip;]<\/p>\n","protected":false},"author":1,"featured_media":0,"parent":0,"menu_order":0,"comment_status":"closed","ping_status":"closed","template":"elementor_header_footer","meta":{"footnotes":""},"class_list":["post-268","page","type-page","status-publish","hentry"],"yoast_head":"<!-- This site is optimized with the Yoast SEO plugin v27.3 - https:\/\/yoast.com\/product\/yoast-seo-wordpress\/ -->\n<title>Pago de servicio - Yes.Oui.Si<\/title>\n<meta name=\"robots\" content=\"index, follow, max-snippet:-1, max-image-preview:large, max-video-preview:-1\" \/>\n<link rel=\"canonical\" href=\"https:\/\/traduccionesyes.com\/en_us\/solicitar-servicio\/\" \/>\n<meta property=\"og:locale\" content=\"en_US\" \/>\n<meta property=\"og:type\" content=\"article\" \/>\n<meta property=\"og:title\" content=\"Pago de servicio - Yes.Oui.Si\" \/>\n<meta property=\"og:description\" content=\"\u00a1Contr\u00e1tanos ahora! \u00a1Estamos para servirte! Pago de servicios contratados Traducci\u00f3n Ofrecemos el servicio de traducci\u00f3n de documentos oficiales con sello de perito traductor, art\u00edculos cient\u00edficos, manuales t\u00e9cnicos, materiales publicitarios y de capacitaci\u00f3n, transcripci\u00f3n y traducci\u00f3n de audios y servicios de subtitulaje. Llevamos m\u00e1s de 1 mill\u00f3n de palabras traducidas. Pagar ahora Interpretaci\u00f3n Ofrecemos el servicio [&hellip;]\" \/>\n<meta property=\"og:url\" content=\"https:\/\/traduccionesyes.com\/en_us\/solicitar-servicio\/\" \/>\n<meta property=\"og:site_name\" content=\"Yes.Oui.Si\" \/>\n<meta property=\"article:modified_time\" content=\"2021-11-11T03:44:58+00:00\" \/>\n<meta property=\"og:image\" content=\"https:\/\/traduccionesyes.com\/wp-content\/uploads\/2021\/09\/Hero3_opt.jpg\" \/>\n\t<meta property=\"og:image:width\" content=\"1600\" \/>\n\t<meta property=\"og:image:height\" content=\"1066\" \/>\n\t<meta property=\"og:image:type\" content=\"image\/jpeg\" \/>\n<meta name=\"twitter:card\" content=\"summary_large_image\" \/>\n<meta name=\"twitter:label1\" content=\"Est. reading time\" \/>\n\t<meta name=\"twitter:data1\" content=\"1 minute\" \/>\n<script type=\"application\/ld+json\" class=\"yoast-schema-graph\">{\"@context\":\"https:\\\/\\\/schema.org\",\"@graph\":[{\"@type\":\"WebPage\",\"@id\":\"https:\\\/\\\/traduccionesyes.com\\\/solicitar-servicio\\\/\",\"url\":\"https:\\\/\\\/traduccionesyes.com\\\/solicitar-servicio\\\/\",\"name\":\"Pago de servicio - Yes.Oui.Si\",\"isPartOf\":{\"@id\":\"https:\\\/\\\/traduccionesyes.com\\\/#website\"},\"primaryImageOfPage\":{\"@id\":\"https:\\\/\\\/traduccionesyes.com\\\/solicitar-servicio\\\/#primaryimage\"},\"image\":{\"@id\":\"https:\\\/\\\/traduccionesyes.com\\\/solicitar-servicio\\\/#primaryimage\"},\"thumbnailUrl\":\"https:\\\/\\\/traduccionesyes.com\\\/wp-content\\\/uploads\\\/2021\\\/09\\\/Hero3_opt.jpg\",\"datePublished\":\"2021-08-16T14:20:57+00:00\",\"dateModified\":\"2021-11-11T03:44:58+00:00\",\"breadcrumb\":{\"@id\":\"https:\\\/\\\/traduccionesyes.com\\\/solicitar-servicio\\\/#breadcrumb\"},\"inLanguage\":\"en-US\",\"potentialAction\":[{\"@type\":\"ReadAction\",\"target\":[\"https:\\\/\\\/traduccionesyes.com\\\/solicitar-servicio\\\/\"]}]},{\"@type\":\"ImageObject\",\"inLanguage\":\"en-US\",\"@id\":\"https:\\\/\\\/traduccionesyes.com\\\/solicitar-servicio\\\/#primaryimage\",\"url\":\"https:\\\/\\\/traduccionesyes.com\\\/wp-content\\\/uploads\\\/2021\\\/09\\\/Hero3_opt.jpg\",\"contentUrl\":\"https:\\\/\\\/traduccionesyes.com\\\/wp-content\\\/uploads\\\/2021\\\/09\\\/Hero3_opt.jpg\"},{\"@type\":\"BreadcrumbList\",\"@id\":\"https:\\\/\\\/traduccionesyes.com\\\/solicitar-servicio\\\/#breadcrumb\",\"itemListElement\":[{\"@type\":\"ListItem\",\"position\":1,\"name\":\"Portada\",\"item\":\"https:\\\/\\\/traduccionesyes.com\\\/\"},{\"@type\":\"ListItem\",\"position\":2,\"name\":\"Pago de servicio\"}]},{\"@type\":\"WebSite\",\"@id\":\"https:\\\/\\\/traduccionesyes.com\\\/#website\",\"url\":\"https:\\\/\\\/traduccionesyes.com\\\/\",\"name\":\"Yes.Oui.Si\",\"description\":\"Traducci\u00f3n Simultanea\",\"publisher\":{\"@id\":\"https:\\\/\\\/traduccionesyes.com\\\/#organization\"},\"potentialAction\":[{\"@type\":\"SearchAction\",\"target\":{\"@type\":\"EntryPoint\",\"urlTemplate\":\"https:\\\/\\\/traduccionesyes.com\\\/?s={search_term_string}\"},\"query-input\":{\"@type\":\"PropertyValueSpecification\",\"valueRequired\":true,\"valueName\":\"search_term_string\"}}],\"inLanguage\":\"en-US\"},{\"@type\":\"Organization\",\"@id\":\"https:\\\/\\\/traduccionesyes.com\\\/#organization\",\"name\":\"Yes.Oui.Si\",\"url\":\"https:\\\/\\\/traduccionesyes.com\\\/\",\"logo\":{\"@type\":\"ImageObject\",\"inLanguage\":\"en-US\",\"@id\":\"https:\\\/\\\/traduccionesyes.com\\\/#\\\/schema\\\/logo\\\/image\\\/\",\"url\":\"https:\\\/\\\/traduccionesyes.com\\\/wp-content\\\/uploads\\\/2021\\\/08\\\/YESOUISI-logo.jpg\",\"contentUrl\":\"https:\\\/\\\/traduccionesyes.com\\\/wp-content\\\/uploads\\\/2021\\\/08\\\/YESOUISI-logo.jpg\",\"width\":672,\"height\":594,\"caption\":\"Yes.Oui.Si\"},\"image\":{\"@id\":\"https:\\\/\\\/traduccionesyes.com\\\/#\\\/schema\\\/logo\\\/image\\\/\"}}]}<\/script>\n<!-- \/ Yoast SEO plugin. -->","yoast_head_json":{"title":"Pago de servicio - Yes.Oui.Si","robots":{"index":"index","follow":"follow","max-snippet":"max-snippet:-1","max-image-preview":"max-image-preview:large","max-video-preview":"max-video-preview:-1"},"canonical":"https:\/\/traduccionesyes.com\/en_us\/solicitar-servicio\/","og_locale":"en_US","og_type":"article","og_title":"Pago de servicio - Yes.Oui.Si","og_description":"\u00a1Contr\u00e1tanos ahora! \u00a1Estamos para servirte! Pago de servicios contratados Traducci\u00f3n Ofrecemos el servicio de traducci\u00f3n de documentos oficiales con sello de perito traductor, art\u00edculos cient\u00edficos, manuales t\u00e9cnicos, materiales publicitarios y de capacitaci\u00f3n, transcripci\u00f3n y traducci\u00f3n de audios y servicios de subtitulaje. Llevamos m\u00e1s de 1 mill\u00f3n de palabras traducidas. Pagar ahora Interpretaci\u00f3n Ofrecemos el servicio [&hellip;]","og_url":"https:\/\/traduccionesyes.com\/en_us\/solicitar-servicio\/","og_site_name":"Yes.Oui.Si","article_modified_time":"2021-11-11T03:44:58+00:00","og_image":[{"width":1600,"height":1066,"url":"https:\/\/traduccionesyes.com\/wp-content\/uploads\/2021\/09\/Hero3_opt.jpg","type":"image\/jpeg"}],"twitter_card":"summary_large_image","twitter_misc":{"Est. reading time":"1 minute"},"schema":{"@context":"https:\/\/schema.org","@graph":[{"@type":"WebPage","@id":"https:\/\/traduccionesyes.com\/solicitar-servicio\/","url":"https:\/\/traduccionesyes.com\/solicitar-servicio\/","name":"Pago de servicio - Yes.Oui.Si","isPartOf":{"@id":"https:\/\/traduccionesyes.com\/#website"},"primaryImageOfPage":{"@id":"https:\/\/traduccionesyes.com\/solicitar-servicio\/#primaryimage"},"image":{"@id":"https:\/\/traduccionesyes.com\/solicitar-servicio\/#primaryimage"},"thumbnailUrl":"https:\/\/traduccionesyes.com\/wp-content\/uploads\/2021\/09\/Hero3_opt.jpg","datePublished":"2021-08-16T14:20:57+00:00","dateModified":"2021-11-11T03:44:58+00:00","breadcrumb":{"@id":"https:\/\/traduccionesyes.com\/solicitar-servicio\/#breadcrumb"},"inLanguage":"en-US","potentialAction":[{"@type":"ReadAction","target":["https:\/\/traduccionesyes.com\/solicitar-servicio\/"]}]},{"@type":"ImageObject","inLanguage":"en-US","@id":"https:\/\/traduccionesyes.com\/solicitar-servicio\/#primaryimage","url":"https:\/\/traduccionesyes.com\/wp-content\/uploads\/2021\/09\/Hero3_opt.jpg","contentUrl":"https:\/\/traduccionesyes.com\/wp-content\/uploads\/2021\/09\/Hero3_opt.jpg"},{"@type":"BreadcrumbList","@id":"https:\/\/traduccionesyes.com\/solicitar-servicio\/#breadcrumb","itemListElement":[{"@type":"ListItem","position":1,"name":"Portada","item":"https:\/\/traduccionesyes.com\/"},{"@type":"ListItem","position":2,"name":"Pago de servicio"}]},{"@type":"WebSite","@id":"https:\/\/traduccionesyes.com\/#website","url":"https:\/\/traduccionesyes.com\/","name":"Yes.Oui.Si","description":"Traducci\u00f3n Simultanea","publisher":{"@id":"https:\/\/traduccionesyes.com\/#organization"},"potentialAction":[{"@type":"SearchAction","target":{"@type":"EntryPoint","urlTemplate":"https:\/\/traduccionesyes.com\/?s={search_term_string}"},"query-input":{"@type":"PropertyValueSpecification","valueRequired":true,"valueName":"search_term_string"}}],"inLanguage":"en-US"},{"@type":"Organization","@id":"https:\/\/traduccionesyes.com\/#organization","name":"Yes.Oui.Si","url":"https:\/\/traduccionesyes.com\/","logo":{"@type":"ImageObject","inLanguage":"en-US","@id":"https:\/\/traduccionesyes.com\/#\/schema\/logo\/image\/","url":"https:\/\/traduccionesyes.com\/wp-content\/uploads\/2021\/08\/YESOUISI-logo.jpg","contentUrl":"https:\/\/traduccionesyes.com\/wp-content\/uploads\/2021\/08\/YESOUISI-logo.jpg","width":672,"height":594,"caption":"Yes.Oui.Si"},"image":{"@id":"https:\/\/traduccionesyes.com\/#\/schema\/logo\/image\/"}}]}},"_links":{"self":[{"href":"https:\/\/traduccionesyes.com\/en_us\/wp-json\/wp\/v2\/pages\/268","targetHints":{"allow":["GET"]}}],"collection":[{"href":"https:\/\/traduccionesyes.com\/en_us\/wp-json\/wp\/v2\/pages"}],"about":[{"href":"https:\/\/traduccionesyes.com\/en_us\/wp-json\/wp\/v2\/types\/page"}],"author":[{"embeddable":true,"href":"https:\/\/traduccionesyes.com\/en_us\/wp-json\/wp\/v2\/users\/1"}],"replies":[{"embeddable":true,"href":"https:\/\/traduccionesyes.com\/en_us\/wp-json\/wp\/v2\/comments?post=268"}],"version-history":[{"count":56,"href":"https:\/\/traduccionesyes.com\/en_us\/wp-json\/wp\/v2\/pages\/268\/revisions"}],"predecessor-version":[{"id":968,"href":"https:\/\/traduccionesyes.com\/en_us\/wp-json\/wp\/v2\/pages\/268\/revisions\/968"}],"wp:attachment":[{"href":"https:\/\/traduccionesyes.com\/en_us\/wp-json\/wp\/v2\/media?parent=268"}],"curies":[{"name":"wp","href":"https:\/\/api.w.org\/{rel}","templated":true}]}}