{"id":2939,"date":"2026-04-30T01:22:14","date_gmt":"2026-04-30T01:22:14","guid":{"rendered":"https:\/\/traduccionesyes.com\/?page_id=2939"},"modified":"2026-04-30T03:37:49","modified_gmt":"2026-04-30T03:37:49","slug":"equipo-listentalk-para-interpretacion-simultanea-en-mexico","status":"publish","type":"page","link":"https:\/\/traduccionesyes.com\/en_us\/equipo-listentalk-para-interpretacion-simultanea-en-mexico\/","title":{"rendered":"Equipo ListenTALK para interpretaci\u00f3n simult\u00e1nea en M\u00c9XICO"},"content":{"rendered":"<div data-elementor-type=\"wp-page\" data-elementor-id=\"2939\" class=\"elementor elementor-2939\">\n\t\t\t\t<div data-particle_enable=\"false\" data-particle-mobile-disabled=\"false\" class=\"elementor-element elementor-element-194c5dcf e-flex e-con-boxed e-con e-parent\" data-id=\"194c5dcf\" data-element_type=\"container\" data-e-type=\"container\" data-settings=\"{&quot;background_background&quot;:&quot;classic&quot;}\">\n\t\t\t\t\t<div class=\"e-con-inner\">\n\t\t\t\t<div class=\"elementor-element elementor-element-25908c7c elementor-widget elementor-widget-heading\" data-id=\"25908c7c\" data-element_type=\"widget\" data-e-type=\"widget\" data-widget_type=\"heading.default\">\n\t\t\t\t<div class=\"elementor-widget-container\">\n\t\t\t\t\t<h1 class=\"elementor-heading-title elementor-size-default\">Equipos Listentalk en M\u00e9xico<\/h1>\t\t\t\t<\/div>\n\t\t\t\t<\/div>\n\t\t\t\t\t<\/div>\n\t\t\t\t<\/div>\n\t\t<div data-particle_enable=\"false\" data-particle-mobile-disabled=\"false\" class=\"elementor-element elementor-element-1faa4089 e-flex e-con-boxed e-con e-parent\" data-id=\"1faa4089\" data-element_type=\"container\" data-e-type=\"container\">\n\t\t\t\t\t<div class=\"e-con-inner\">\n\t\t\t\t<div class=\"elementor-element elementor-element-24674b8b elementor-widget elementor-widget-text-editor\" data-id=\"24674b8b\" data-element_type=\"widget\" data-e-type=\"widget\" data-widget_type=\"text-editor.default\">\n\t\t\t\t<div class=\"elementor-widget-container\">\n\t\t\t\t\t\t\t\t\t<p><span style=\"font-weight: 400;\">Para recorridos en planta, auditor\u00edas, visitas de clientes, entrenamientos en piso y sesiones de seguridad, el equipo m\u00e1s adecuado es ListenTALK, un sistema digital full\u2011duplex dise\u00f1ado espec\u00edficamente para comunicaci\u00f3n clara en entornos ruidosos.<\/span><\/p>\t\t\t\t\t\t\t\t<\/div>\n\t\t\t\t<\/div>\n\t\t\t\t<div class=\"elementor-element elementor-element-78ddc0aa elementor-widget elementor-widget-heading\" data-id=\"78ddc0aa\" data-element_type=\"widget\" data-e-type=\"widget\" data-widget_type=\"heading.default\">\n\t\t\t\t<div class=\"elementor-widget-container\">\n\t\t\t\t\t<h2 class=\"elementor-heading-title elementor-size-default\">Ventajas clave de ListenTALK en planta<\/h2>\t\t\t\t<\/div>\n\t\t\t\t<\/div>\n\t\t<div data-particle_enable=\"false\" data-particle-mobile-disabled=\"false\" class=\"elementor-element elementor-element-26c92cc2 e-con-full e-flex e-con e-child\" data-id=\"26c92cc2\" data-element_type=\"container\" data-e-type=\"container\">\n\t\t<div data-particle_enable=\"false\" data-particle-mobile-disabled=\"false\" class=\"elementor-element elementor-element-3416b82d e-con-full e-flex e-con e-child\" data-id=\"3416b82d\" data-element_type=\"container\" data-e-type=\"container\">\n\t\t\t\t<div class=\"elementor-element elementor-element-6943943f elementor-widget elementor-widget-text-editor\" data-id=\"6943943f\" data-element_type=\"widget\" data-e-type=\"widget\" data-widget_type=\"text-editor.default\">\n\t\t\t\t<div class=\"elementor-widget-container\">\n\t\t\t\t\t\t\t\t\t<p><span style=\"font-weight: 400;\">Comunicaci\u00f3n clara en ambientes ruidosos<\/span><\/p><p>\u00a0<\/p><ul><li><span style=\"font-weight: 400;\">Tecnolog\u00eda de audio digital que reduce ruido de fondo.<\/span><\/li><li><span style=\"font-weight: 400;\">Permite escuchar instrucciones sin interferencias, incluso junto a maquinaria.<\/span><\/li><\/ul><p><br style=\"font-weight: 400;\" \/><br style=\"font-weight: 400;\" \/><br style=\"font-weight: 400;\" \/><br \/><\/p>\t\t\t\t\t\t\t\t<\/div>\n\t\t\t\t<\/div>\n\t\t\t\t<\/div>\n\t\t<div data-particle_enable=\"false\" data-particle-mobile-disabled=\"false\" class=\"elementor-element elementor-element-411fd04f e-con-full e-flex e-con e-child\" data-id=\"411fd04f\" data-element_type=\"container\" data-e-type=\"container\">\n\t\t\t\t<div class=\"elementor-element elementor-element-53d4096d elementor-widget elementor-widget-image\" data-id=\"53d4096d\" data-element_type=\"widget\" data-e-type=\"widget\" data-widget_type=\"image.default\">\n\t\t\t\t<div class=\"elementor-widget-container\">\n\t\t\t\t\t\t\t\t\t\t\t\t\t\t\t<img fetchpriority=\"high\" decoding=\"async\" width=\"800\" height=\"604\" src=\"https:\/\/traduccionesyes.com\/wp-content\/uploads\/EQUIPO-LISTEN-TALK-MEXICO.jpg\" class=\"attachment-large size-large wp-image-2940\" alt=\"EQUIPO LISTEN TALK MEXICO\" srcset=\"https:\/\/traduccionesyes.com\/wp-content\/uploads\/EQUIPO-LISTEN-TALK-MEXICO.jpg 894w, https:\/\/traduccionesyes.com\/wp-content\/uploads\/EQUIPO-LISTEN-TALK-MEXICO-300x227.jpg 300w, https:\/\/traduccionesyes.com\/wp-content\/uploads\/EQUIPO-LISTEN-TALK-MEXICO-768x580.jpg 768w, https:\/\/traduccionesyes.com\/wp-content\/uploads\/EQUIPO-LISTEN-TALK-MEXICO-16x12.jpg 16w\" sizes=\"(max-width: 800px) 100vw, 800px\" \/>\t\t\t\t\t\t\t\t\t\t\t\t\t\t\t<\/div>\n\t\t\t\t<\/div>\n\t\t\t\t<\/div>\n\t\t\t\t<\/div>\n\t\t\t\t\t<\/div>\n\t\t\t\t<\/div>\n\t\t<div data-particle_enable=\"false\" data-particle-mobile-disabled=\"false\" class=\"elementor-element elementor-element-29698847 e-flex e-con-boxed e-con e-parent\" data-id=\"29698847\" data-element_type=\"container\" data-e-type=\"container\" data-settings=\"{&quot;background_background&quot;:&quot;classic&quot;}\">\n\t\t\t\t\t<div class=\"e-con-inner\">\n\t\t\t\t<div class=\"elementor-element elementor-element-5bbcd7e3 elementor-widget elementor-widget-heading\" data-id=\"5bbcd7e3\" data-element_type=\"widget\" data-e-type=\"widget\" data-widget_type=\"heading.default\">\n\t\t\t\t<div class=\"elementor-widget-container\">\n\t\t\t\t\t<h2 class=\"elementor-heading-title elementor-size-default\">\u2060Conversaci\u00f3n bidireccional (full\u2011duplex)<\/h2>\t\t\t\t<\/div>\n\t\t\t\t<\/div>\n\t\t<div data-particle_enable=\"false\" data-particle-mobile-disabled=\"false\" class=\"elementor-element elementor-element-29eac770 e-con-full e-flex e-con e-child\" data-id=\"29eac770\" data-element_type=\"container\" data-e-type=\"container\">\n\t\t<div data-particle_enable=\"false\" data-particle-mobile-disabled=\"false\" class=\"elementor-element elementor-element-b7ed490 e-con-full e-flex e-con e-child\" data-id=\"b7ed490\" data-element_type=\"container\" data-e-type=\"container\">\n\t\t\t\t<div class=\"elementor-element elementor-element-5941cf01 elementor-widget elementor-widget-image\" data-id=\"5941cf01\" data-element_type=\"widget\" data-e-type=\"widget\" data-widget_type=\"image.default\">\n\t\t\t\t<div class=\"elementor-widget-container\">\n\t\t\t\t\t\t\t\t\t\t\t\t\t\t\t<img decoding=\"async\" width=\"700\" height=\"690\" src=\"https:\/\/traduccionesyes.com\/wp-content\/uploads\/renta-de-equipo-listen-talk-mexico.jpg\" class=\"attachment-large size-large wp-image-2945\" alt=\"\" srcset=\"https:\/\/traduccionesyes.com\/wp-content\/uploads\/renta-de-equipo-listen-talk-mexico.jpg 700w, https:\/\/traduccionesyes.com\/wp-content\/uploads\/renta-de-equipo-listen-talk-mexico-300x296.jpg 300w, https:\/\/traduccionesyes.com\/wp-content\/uploads\/renta-de-equipo-listen-talk-mexico-12x12.jpg 12w\" sizes=\"(max-width: 700px) 100vw, 700px\" \/>\t\t\t\t\t\t\t\t\t\t\t\t\t\t\t<\/div>\n\t\t\t\t<\/div>\n\t\t\t\t<\/div>\n\t\t<div data-particle_enable=\"false\" data-particle-mobile-disabled=\"false\" class=\"elementor-element elementor-element-4afc8e06 e-con-full e-flex e-con e-child\" data-id=\"4afc8e06\" data-element_type=\"container\" data-e-type=\"container\">\n\t\t\t\t<div class=\"elementor-element elementor-element-48239c73 elementor-widget elementor-widget-text-editor\" data-id=\"48239c73\" data-element_type=\"widget\" data-e-type=\"widget\" data-widget_type=\"text-editor.default\">\n\t\t\t\t<div class=\"elementor-widget-container\">\n\t\t\t\t\t\t\t\t\t<p><strong>A diferencia de sistemas unidireccionales, los participantes pueden hablar y escuchar en tiempo real, lo cual es esencial para:<\/strong><\/p><ul><li><span style=\"font-weight: 400;\">Preguntas durante el recorrido<\/span><\/li><li><span style=\"font-weight: 400;\">Indicaciones de seguridad<\/span><\/li><li><span style=\"font-weight: 400;\">Explicaciones t\u00e9cnicas<\/span><\/li><\/ul><p>\u00a0<\/p>\t\t\t\t\t\t\t\t<\/div>\n\t\t\t\t<\/div>\n\t\t\t\t<div class=\"elementor-element elementor-element-307fd7ef elementor-widget elementor-widget-text-editor\" data-id=\"307fd7ef\" data-element_type=\"widget\" data-e-type=\"widget\" data-widget_type=\"text-editor.default\">\n\t\t\t\t<div class=\"elementor-widget-container\">\n\t\t\t\t\t\t\t\t\t<p><strong>Grupos configurables al instante<\/strong><\/p><p><span style=\"font-weight: 400;\">Puedes crear grupos de visitantes o equipos de trabajo con solo acercar los dispositivos.<\/span><\/p><ul><li><span style=\"font-weight: 400;\">Ideal para plantas grandes con m\u00faltiples l\u00edneas o estaciones.<\/span><\/li><\/ul><p><br style=\"font-weight: 400;\" \/><br style=\"font-weight: 400;\" \/><\/p>\t\t\t\t\t\t\t\t<\/div>\n\t\t\t\t<\/div>\n\t\t\t\t<\/div>\n\t\t\t\t<\/div>\n\t\t<div data-particle_enable=\"false\" data-particle-mobile-disabled=\"false\" class=\"elementor-element elementor-element-6bb3bbe5 e-con-full e-flex e-con e-child\" data-id=\"6bb3bbe5\" data-element_type=\"container\" data-e-type=\"container\">\n\t\t<div data-particle_enable=\"false\" data-particle-mobile-disabled=\"false\" class=\"elementor-element elementor-element-1868e53b e-con-full e-flex e-con e-child\" data-id=\"1868e53b\" data-element_type=\"container\" data-e-type=\"container\">\n\t\t\t\t<div class=\"elementor-element elementor-element-1db7ff9 elementor-widget elementor-widget-text-editor\" data-id=\"1db7ff9\" data-element_type=\"widget\" data-e-type=\"widget\" data-widget_type=\"text-editor.default\">\n\t\t\t\t<div class=\"elementor-widget-container\">\n\t\t\t\t\t\t\t\t\t<p><strong>Grupos configurables al instante<\/strong><\/p><p><span style=\"font-weight: 400;\">Puedes crear grupos de visitantes o equipos de trabajo con solo acercar los dispositivos.<\/span><\/p><ul><li><span style=\"font-weight: 400;\">Ideal para plantas grandes con m\u00faltiples l\u00edneas o estaciones.<\/span><\/li><\/ul>\t\t\t\t\t\t\t\t<\/div>\n\t\t\t\t<\/div>\n\t\t\t\t<div class=\"elementor-element elementor-element-b923abf elementor-widget elementor-widget-text-editor\" data-id=\"b923abf\" data-element_type=\"widget\" data-e-type=\"widget\" data-widget_type=\"text-editor.default\">\n\t\t\t\t<div class=\"elementor-widget-container\">\n\t\t\t\t\t\t\t\t\t<p><strong>Portabilidad y ergonom\u00eda<\/strong><\/p><ul><li><span style=\"font-weight: 400;\">Dispositivos ligeros, con clip para cintur\u00f3n o bata.<\/span><\/li><li><span style=\"font-weight: 400;\">No requieren instalaci\u00f3n fija ni infraestructura adicional.<\/span><\/li><\/ul>\t\t\t\t\t\t\t\t<\/div>\n\t\t\t\t<\/div>\n\t\t\t\t<\/div>\n\t\t<div data-particle_enable=\"false\" data-particle-mobile-disabled=\"false\" class=\"elementor-element elementor-element-1762cb31 e-con-full e-flex e-con e-child\" data-id=\"1762cb31\" data-element_type=\"container\" data-e-type=\"container\">\n\t\t\t\t<div class=\"elementor-element elementor-element-d1e88dc elementor-widget elementor-widget-image\" data-id=\"d1e88dc\" data-element_type=\"widget\" data-e-type=\"widget\" data-widget_type=\"image.default\">\n\t\t\t\t<div class=\"elementor-widget-container\">\n\t\t\t\t\t\t\t\t\t\t\t\t\t\t\t<img decoding=\"async\" width=\"800\" height=\"775\" src=\"https:\/\/traduccionesyes.com\/wp-content\/uploads\/listentalk-mexico.jpg\" class=\"attachment-large size-large wp-image-2947\" alt=\"\" srcset=\"https:\/\/traduccionesyes.com\/wp-content\/uploads\/listentalk-mexico.jpg 933w, https:\/\/traduccionesyes.com\/wp-content\/uploads\/listentalk-mexico-300x291.jpg 300w, https:\/\/traduccionesyes.com\/wp-content\/uploads\/listentalk-mexico-768x744.jpg 768w, https:\/\/traduccionesyes.com\/wp-content\/uploads\/listentalk-mexico-12x12.jpg 12w\" sizes=\"(max-width: 800px) 100vw, 800px\" \/>\t\t\t\t\t\t\t\t\t\t\t\t\t\t\t<\/div>\n\t\t\t\t<\/div>\n\t\t\t\t<\/div>\n\t\t\t\t<\/div>\n\t\t\t\t\t<\/div>\n\t\t\t\t<\/div>\n\t\t<div data-particle_enable=\"false\" data-particle-mobile-disabled=\"false\" class=\"elementor-element elementor-element-2cc6652b e-flex e-con-boxed e-con e-parent\" data-id=\"2cc6652b\" data-element_type=\"container\" data-e-type=\"container\" data-settings=\"{&quot;background_background&quot;:&quot;classic&quot;}\">\n\t\t\t\t\t<div class=\"e-con-inner\">\n\t\t<div data-particle_enable=\"false\" data-particle-mobile-disabled=\"false\" class=\"elementor-element elementor-element-5b68bbf4 e-con-full e-flex e-con e-child\" data-id=\"5b68bbf4\" data-element_type=\"container\" data-e-type=\"container\">\n\t\t<div data-particle_enable=\"false\" data-particle-mobile-disabled=\"false\" class=\"elementor-element elementor-element-3f00a1b e-con-full e-flex e-con e-child\" data-id=\"3f00a1b\" data-element_type=\"container\" data-e-type=\"container\">\n\t\t\t\t<div class=\"elementor-element elementor-element-76f18aae elementor-widget elementor-widget-image\" data-id=\"76f18aae\" data-element_type=\"widget\" data-e-type=\"widget\" data-widget_type=\"image.default\">\n\t\t\t\t<div class=\"elementor-widget-container\">\n\t\t\t\t\t\t\t\t\t\t\t\t\t\t\t<img loading=\"lazy\" decoding=\"async\" width=\"800\" height=\"800\" src=\"https:\/\/traduccionesyes.com\/wp-content\/uploads\/renta-de-equipo-listen-talk-mexico.avif\" class=\"attachment-large size-large wp-image-2946\" alt=\"\" srcset=\"https:\/\/traduccionesyes.com\/wp-content\/uploads\/renta-de-equipo-listen-talk-mexico.avif 1600w, https:\/\/traduccionesyes.com\/wp-content\/uploads\/renta-de-equipo-listen-talk-mexico-300x300.avif 300w, https:\/\/traduccionesyes.com\/wp-content\/uploads\/renta-de-equipo-listen-talk-mexico-150x150.avif 150w, https:\/\/traduccionesyes.com\/wp-content\/uploads\/renta-de-equipo-listen-talk-mexico-768x768.avif 768w, https:\/\/traduccionesyes.com\/wp-content\/uploads\/renta-de-equipo-listen-talk-mexico-1536x1536.avif 1536w, https:\/\/traduccionesyes.com\/wp-content\/uploads\/renta-de-equipo-listen-talk-mexico-12x12.avif 12w\" sizes=\"(max-width: 800px) 100vw, 800px\" \/>\t\t\t\t\t\t\t\t\t\t\t\t\t\t\t<\/div>\n\t\t\t\t<\/div>\n\t\t\t\t<\/div>\n\t\t<div data-particle_enable=\"false\" data-particle-mobile-disabled=\"false\" class=\"elementor-element elementor-element-b4fc9b8 e-con-full e-flex e-con e-child\" data-id=\"b4fc9b8\" data-element_type=\"container\" data-e-type=\"container\">\n\t\t\t\t<div class=\"elementor-element elementor-element-156f9638 elementor-widget elementor-widget-text-editor\" data-id=\"156f9638\" data-element_type=\"widget\" data-e-type=\"widget\" data-widget_type=\"text-editor.default\">\n\t\t\t\t<div class=\"elementor-widget-container\">\n\t\t\t\t\t\t\t\t\t<p><strong>Seguridad y profesionalismo<\/strong><\/p><p><span style=\"font-weight: 400;\">Audio cifrado para proteger informaci\u00f3n sensible del proceso.<\/span><\/p><ul><li><span style=\"font-weight: 400;\">Proyecta una imagen profesional ante clientes, auditores y proveedores.<\/span><\/li><li><span style=\"font-weight: 400;\">Los aud\u00edfonos se adaptan a entornos industriales.<\/span><\/li><\/ul>\t\t\t\t\t\t\t\t<\/div>\n\t\t\t\t<\/div>\n\t\t\t\t<div class=\"elementor-element elementor-element-3ad846a elementor-widget elementor-widget-text-editor\" data-id=\"3ad846a\" data-element_type=\"widget\" data-e-type=\"widget\" data-widget_type=\"text-editor.default\">\n\t\t\t\t<div class=\"elementor-widget-container\">\n\t\t\t\t\t\t\t\t\t<p><strong>\u00a0Bater\u00eda de larga duraci\u00f3n<\/strong><\/p><p><span style=\"font-weight: 400;\">Autonom\u00eda suficiente para recorridos prolongados, turnos completos o auditor\u00edas extensas.<\/span><\/p>\t\t\t\t\t\t\t\t<\/div>\n\t\t\t\t<\/div>\n\t\t\t\t<\/div>\n\t\t\t\t<\/div>\n\t\t\t\t\t<\/div>\n\t\t\t\t<\/div>\n\t\t\t\t<\/div>","protected":false},"excerpt":{"rendered":"<p>Equipos Listentalk en M\u00e9xico Para recorridos en planta, auditor\u00edas, visitas de clientes, entrenamientos en piso y sesiones de seguridad, el equipo m\u00e1s adecuado es ListenTALK, un sistema digital full\u2011duplex dise\u00f1ado espec\u00edficamente para comunicaci\u00f3n clara en entornos ruidosos. Ventajas clave de ListenTALK en planta Comunicaci\u00f3n clara en ambientes ruidosos \u00a0 Tecnolog\u00eda de audio digital que reduce [&hellip;]<\/p>\n","protected":false},"author":1,"featured_media":2940,"parent":0,"menu_order":0,"comment_status":"closed","ping_status":"closed","template":"","meta":{"footnotes":""},"class_list":["post-2939","page","type-page","status-publish","has-post-thumbnail","hentry"],"yoast_head":"<!-- This site is optimized with the Yoast SEO plugin v27.5 - https:\/\/yoast.com\/product\/yoast-seo-wordpress\/ -->\n<title>Renta de Equipos ListenTALK en Mexico<\/title>\n<meta name=\"description\" content=\"Renta de Equipos ListenTALK para traducci\u00f3n - interpretaci\u00f3n simult\u00e1nea en Mexico\" \/>\n<meta name=\"robots\" content=\"index, follow, max-snippet:-1, max-image-preview:large, max-video-preview:-1\" \/>\n<link rel=\"canonical\" href=\"https:\/\/traduccionesyes.com\/en_us\/equipo-listentalk-para-interpretacion-simultanea-en-mexico\/\" \/>\n<meta property=\"og:locale\" content=\"en_US\" \/>\n<meta property=\"og:type\" content=\"article\" \/>\n<meta property=\"og:title\" content=\"Renta de Equipos ListenTALK en Mexico\" \/>\n<meta property=\"og:description\" content=\"Renta de Equipos ListenTALK para traducci\u00f3n - interpretaci\u00f3n simult\u00e1nea en Mexico\" \/>\n<meta property=\"og:url\" content=\"https:\/\/traduccionesyes.com\/en_us\/equipo-listentalk-para-interpretacion-simultanea-en-mexico\/\" \/>\n<meta property=\"og:site_name\" content=\"Yes.Oui.Si\" \/>\n<meta property=\"article:modified_time\" content=\"2026-04-30T03:37:49+00:00\" \/>\n<meta property=\"og:image\" content=\"https:\/\/traduccionesyes.com\/wp-content\/uploads\/EQUIPO-LISTEN-TALK-MEXICO.jpg\" \/>\n\t<meta property=\"og:image:width\" content=\"894\" \/>\n\t<meta property=\"og:image:height\" content=\"675\" \/>\n\t<meta property=\"og:image:type\" content=\"image\/jpeg\" \/>\n<meta name=\"twitter:card\" content=\"summary_large_image\" \/>\n<meta name=\"twitter:label1\" content=\"Est. reading time\" \/>\n\t<meta name=\"twitter:data1\" content=\"2 minutes\" \/>\n<script type=\"application\/ld+json\" class=\"yoast-schema-graph\">{\"@context\":\"https:\\\/\\\/schema.org\",\"@graph\":[{\"@type\":\"WebPage\",\"@id\":\"https:\\\/\\\/traduccionesyes.com\\\/equipo-listentalk-para-interpretacion-simultanea-en-mexico\\\/\",\"url\":\"https:\\\/\\\/traduccionesyes.com\\\/equipo-listentalk-para-interpretacion-simultanea-en-mexico\\\/\",\"name\":\"Renta de Equipos ListenTALK en Mexico\",\"isPartOf\":{\"@id\":\"https:\\\/\\\/traduccionesyes.com\\\/#website\"},\"primaryImageOfPage\":{\"@id\":\"https:\\\/\\\/traduccionesyes.com\\\/equipo-listentalk-para-interpretacion-simultanea-en-mexico\\\/#primaryimage\"},\"image\":{\"@id\":\"https:\\\/\\\/traduccionesyes.com\\\/equipo-listentalk-para-interpretacion-simultanea-en-mexico\\\/#primaryimage\"},\"thumbnailUrl\":\"https:\\\/\\\/traduccionesyes.com\\\/wp-content\\\/uploads\\\/EQUIPO-LISTEN-TALK-MEXICO.jpg\",\"datePublished\":\"2026-04-30T01:22:14+00:00\",\"dateModified\":\"2026-04-30T03:37:49+00:00\",\"description\":\"Renta de Equipos ListenTALK para traducci\u00f3n - interpretaci\u00f3n simult\u00e1nea en Mexico\",\"breadcrumb\":{\"@id\":\"https:\\\/\\\/traduccionesyes.com\\\/equipo-listentalk-para-interpretacion-simultanea-en-mexico\\\/#breadcrumb\"},\"inLanguage\":\"en-US\",\"potentialAction\":[{\"@type\":\"ReadAction\",\"target\":[\"https:\\\/\\\/traduccionesyes.com\\\/equipo-listentalk-para-interpretacion-simultanea-en-mexico\\\/\"]}]},{\"@type\":\"ImageObject\",\"inLanguage\":\"en-US\",\"@id\":\"https:\\\/\\\/traduccionesyes.com\\\/equipo-listentalk-para-interpretacion-simultanea-en-mexico\\\/#primaryimage\",\"url\":\"https:\\\/\\\/traduccionesyes.com\\\/wp-content\\\/uploads\\\/EQUIPO-LISTEN-TALK-MEXICO.jpg\",\"contentUrl\":\"https:\\\/\\\/traduccionesyes.com\\\/wp-content\\\/uploads\\\/EQUIPO-LISTEN-TALK-MEXICO.jpg\",\"width\":894,\"height\":675,\"caption\":\"EQUIPO LISTEN TALK MEXICO\"},{\"@type\":\"BreadcrumbList\",\"@id\":\"https:\\\/\\\/traduccionesyes.com\\\/equipo-listentalk-para-interpretacion-simultanea-en-mexico\\\/#breadcrumb\",\"itemListElement\":[{\"@type\":\"ListItem\",\"position\":1,\"name\":\"Portada\",\"item\":\"https:\\\/\\\/traduccionesyes.com\\\/\"},{\"@type\":\"ListItem\",\"position\":2,\"name\":\"Equipo ListenTALK para interpretaci\u00f3n simult\u00e1nea en M\u00c9XICO\"}]},{\"@type\":\"WebSite\",\"@id\":\"https:\\\/\\\/traduccionesyes.com\\\/#website\",\"url\":\"https:\\\/\\\/traduccionesyes.com\\\/\",\"name\":\"Yes.Oui.Si\",\"description\":\"Traducci\u00f3n Simultanea\",\"publisher\":{\"@id\":\"https:\\\/\\\/traduccionesyes.com\\\/#organization\"},\"potentialAction\":[{\"@type\":\"SearchAction\",\"target\":{\"@type\":\"EntryPoint\",\"urlTemplate\":\"https:\\\/\\\/traduccionesyes.com\\\/?s={search_term_string}\"},\"query-input\":{\"@type\":\"PropertyValueSpecification\",\"valueRequired\":true,\"valueName\":\"search_term_string\"}}],\"inLanguage\":\"en-US\"},{\"@type\":\"Organization\",\"@id\":\"https:\\\/\\\/traduccionesyes.com\\\/#organization\",\"name\":\"Yes.Oui.Si\",\"url\":\"https:\\\/\\\/traduccionesyes.com\\\/\",\"logo\":{\"@type\":\"ImageObject\",\"inLanguage\":\"en-US\",\"@id\":\"https:\\\/\\\/traduccionesyes.com\\\/#\\\/schema\\\/logo\\\/image\\\/\",\"url\":\"https:\\\/\\\/traduccionesyes.com\\\/wp-content\\\/uploads\\\/2021\\\/08\\\/YESOUISI-logo.jpg\",\"contentUrl\":\"https:\\\/\\\/traduccionesyes.com\\\/wp-content\\\/uploads\\\/2021\\\/08\\\/YESOUISI-logo.jpg\",\"width\":672,\"height\":594,\"caption\":\"Yes.Oui.Si\"},\"image\":{\"@id\":\"https:\\\/\\\/traduccionesyes.com\\\/#\\\/schema\\\/logo\\\/image\\\/\"}}]}<\/script>\n<!-- \/ Yoast SEO plugin. -->","yoast_head_json":{"title":"Renta de Equipos ListenTALK en Mexico","description":"Renta de Equipos ListenTALK para traducci\u00f3n - interpretaci\u00f3n simult\u00e1nea en Mexico","robots":{"index":"index","follow":"follow","max-snippet":"max-snippet:-1","max-image-preview":"max-image-preview:large","max-video-preview":"max-video-preview:-1"},"canonical":"https:\/\/traduccionesyes.com\/en_us\/equipo-listentalk-para-interpretacion-simultanea-en-mexico\/","og_locale":"en_US","og_type":"article","og_title":"Renta de Equipos ListenTALK en Mexico","og_description":"Renta de Equipos ListenTALK para traducci\u00f3n - interpretaci\u00f3n simult\u00e1nea en Mexico","og_url":"https:\/\/traduccionesyes.com\/en_us\/equipo-listentalk-para-interpretacion-simultanea-en-mexico\/","og_site_name":"Yes.Oui.Si","article_modified_time":"2026-04-30T03:37:49+00:00","og_image":[{"width":894,"height":675,"url":"https:\/\/traduccionesyes.com\/wp-content\/uploads\/EQUIPO-LISTEN-TALK-MEXICO.jpg","type":"image\/jpeg"}],"twitter_card":"summary_large_image","twitter_misc":{"Est. reading time":"2 minutes"},"schema":{"@context":"https:\/\/schema.org","@graph":[{"@type":"WebPage","@id":"https:\/\/traduccionesyes.com\/equipo-listentalk-para-interpretacion-simultanea-en-mexico\/","url":"https:\/\/traduccionesyes.com\/equipo-listentalk-para-interpretacion-simultanea-en-mexico\/","name":"Renta de Equipos ListenTALK en Mexico","isPartOf":{"@id":"https:\/\/traduccionesyes.com\/#website"},"primaryImageOfPage":{"@id":"https:\/\/traduccionesyes.com\/equipo-listentalk-para-interpretacion-simultanea-en-mexico\/#primaryimage"},"image":{"@id":"https:\/\/traduccionesyes.com\/equipo-listentalk-para-interpretacion-simultanea-en-mexico\/#primaryimage"},"thumbnailUrl":"https:\/\/traduccionesyes.com\/wp-content\/uploads\/EQUIPO-LISTEN-TALK-MEXICO.jpg","datePublished":"2026-04-30T01:22:14+00:00","dateModified":"2026-04-30T03:37:49+00:00","description":"Renta de Equipos ListenTALK para traducci\u00f3n - interpretaci\u00f3n simult\u00e1nea en Mexico","breadcrumb":{"@id":"https:\/\/traduccionesyes.com\/equipo-listentalk-para-interpretacion-simultanea-en-mexico\/#breadcrumb"},"inLanguage":"en-US","potentialAction":[{"@type":"ReadAction","target":["https:\/\/traduccionesyes.com\/equipo-listentalk-para-interpretacion-simultanea-en-mexico\/"]}]},{"@type":"ImageObject","inLanguage":"en-US","@id":"https:\/\/traduccionesyes.com\/equipo-listentalk-para-interpretacion-simultanea-en-mexico\/#primaryimage","url":"https:\/\/traduccionesyes.com\/wp-content\/uploads\/EQUIPO-LISTEN-TALK-MEXICO.jpg","contentUrl":"https:\/\/traduccionesyes.com\/wp-content\/uploads\/EQUIPO-LISTEN-TALK-MEXICO.jpg","width":894,"height":675,"caption":"EQUIPO LISTEN TALK MEXICO"},{"@type":"BreadcrumbList","@id":"https:\/\/traduccionesyes.com\/equipo-listentalk-para-interpretacion-simultanea-en-mexico\/#breadcrumb","itemListElement":[{"@type":"ListItem","position":1,"name":"Portada","item":"https:\/\/traduccionesyes.com\/"},{"@type":"ListItem","position":2,"name":"Equipo ListenTALK para interpretaci\u00f3n simult\u00e1nea en M\u00c9XICO"}]},{"@type":"WebSite","@id":"https:\/\/traduccionesyes.com\/#website","url":"https:\/\/traduccionesyes.com\/","name":"Yes.Oui.Si","description":"Traducci\u00f3n Simultanea","publisher":{"@id":"https:\/\/traduccionesyes.com\/#organization"},"potentialAction":[{"@type":"SearchAction","target":{"@type":"EntryPoint","urlTemplate":"https:\/\/traduccionesyes.com\/?s={search_term_string}"},"query-input":{"@type":"PropertyValueSpecification","valueRequired":true,"valueName":"search_term_string"}}],"inLanguage":"en-US"},{"@type":"Organization","@id":"https:\/\/traduccionesyes.com\/#organization","name":"Yes.Oui.Si","url":"https:\/\/traduccionesyes.com\/","logo":{"@type":"ImageObject","inLanguage":"en-US","@id":"https:\/\/traduccionesyes.com\/#\/schema\/logo\/image\/","url":"https:\/\/traduccionesyes.com\/wp-content\/uploads\/2021\/08\/YESOUISI-logo.jpg","contentUrl":"https:\/\/traduccionesyes.com\/wp-content\/uploads\/2021\/08\/YESOUISI-logo.jpg","width":672,"height":594,"caption":"Yes.Oui.Si"},"image":{"@id":"https:\/\/traduccionesyes.com\/#\/schema\/logo\/image\/"}}]}},"_links":{"self":[{"href":"https:\/\/traduccionesyes.com\/en_us\/wp-json\/wp\/v2\/pages\/2939","targetHints":{"allow":["GET"]}}],"collection":[{"href":"https:\/\/traduccionesyes.com\/en_us\/wp-json\/wp\/v2\/pages"}],"about":[{"href":"https:\/\/traduccionesyes.com\/en_us\/wp-json\/wp\/v2\/types\/page"}],"author":[{"embeddable":true,"href":"https:\/\/traduccionesyes.com\/en_us\/wp-json\/wp\/v2\/users\/1"}],"replies":[{"embeddable":true,"href":"https:\/\/traduccionesyes.com\/en_us\/wp-json\/wp\/v2\/comments?post=2939"}],"version-history":[{"count":13,"href":"https:\/\/traduccionesyes.com\/en_us\/wp-json\/wp\/v2\/pages\/2939\/revisions"}],"predecessor-version":[{"id":2957,"href":"https:\/\/traduccionesyes.com\/en_us\/wp-json\/wp\/v2\/pages\/2939\/revisions\/2957"}],"wp:featuredmedia":[{"embeddable":true,"href":"https:\/\/traduccionesyes.com\/en_us\/wp-json\/wp\/v2\/media\/2940"}],"wp:attachment":[{"href":"https:\/\/traduccionesyes.com\/en_us\/wp-json\/wp\/v2\/media?parent=2939"}],"curies":[{"name":"wp","href":"https:\/\/api.w.org\/{rel}","templated":true}]}}